{"id":8389,"date":"2023-01-12T10:20:32","date_gmt":"2023-01-13T09:12:43","guid":{"rendered":"https:\/\/www.aemtia.com\/tramits-online\/gestion-de-notificaciones-dehu\/"},"modified":"2023-01-13T13:30:20","modified_gmt":"2023-01-13T12:30:20","slug":"gestion-de-notificaciones-dehu","status":"publish","type":"product","link":"https:\/\/www.aemtia.com\/es\/tramites-online\/gestion-de-notificaciones-dehu\/","title":{"rendered":"Gesti\u00f3n de notificaciones DEH\u00fa"},"content":{"rendered":"<h3>\u00bfQui\u00e9n est\u00e1 obligado a tener una DEH\u00fa?<\/h3>\n<ul>\n<li>Personas jur\u00eddicas (sociedades y aut\u00f3nomos societarios).<\/li>\n<li>Entidades sin personalidad jur\u00eddica.<\/li>\n<li>Profesionales con una colegiaci\u00f3n obligatoria.<\/li>\n<li>Representantes de cualquier contribuyente que est\u00e9 obligado a ello.<\/li>\n<li>Empleados de las Administraciones P\u00fablicas<\/li>\n<li>Aquellos inscritos en el Registro de Grandes Empresas.<\/li>\n<li>Aquellos que tributen en el R\u00e9gimen de Consolidaci\u00f3n Fiscal del Impuesto sobre Sociedades.<\/li>\n<li>Aquellos que tributen en el R\u00e9gimen especial del Grupo de Entidades del IVA.<\/li>\n<li>Aquellos inscritos en el Registro de Devoluci\u00f3n Mensual del IVA (REDEME).<\/li>\n<\/ul>\n<h3>Delega la gesti\u00f3n de notificaciones en 4 pasos<\/h3>\n<ol>\n<li>A\u00f1ade el Tr\u00e1mite a la cesta y finaliza la compra.<\/li>\n<li>Rellena los datos solicitados y adjunta los documentos necesarios en el campo \u00abAdjuntar Archivo\u00bb.<\/li>\n<li>Realiza tu pago y recibir\u00e1s un mail con el comprobante de tu tr\u00e1mite.<\/li>\n<li>Una vez tramitado, AEMTIA se pondr\u00e1 en contacto contigo.<\/li>\n<\/ol>\n<h3><strong>Documentos a adjuntar<\/strong><\/h3>\n<ul>\n<li>DNI\/NIE<\/li>\n<\/ul>\n<p><em>En caso de que tengas un NIE u otro documento de identidad sin fotograf\u00eda, deber\u00e1s adjuntarnos tu pasaporte o cualquier otro documento donde aparezca tu fotograf\u00eda (tarjeta de comunitario, etc).<\/em><\/p>\n","protected":false},"excerpt":{"rendered":"<p>Desde el 1 de enero de 2023 la Agencia Tributaria obliga a recibir y gestionar las notificaciones a trav\u00e9s de la Direcci\u00f3n Electr\u00f3nica Habilitada \u00fanica (DEH\u00fa) y ya no env\u00eda las notificaciones a ninguna otra direcci\u00f3n.<\/p>\n<p>Evita problemas con las administraciones y que no se te pasen importantes plazos.<\/p>\n<p>Gestionamos las notificaciones electr\u00f3nicas de la Seguridad Social y de Hacienda:<\/p>\n<ul>\n<li>Control de buzones DEH\u00fa<\/li>\n<li>Gesti\u00f3n de notificaciones<\/li>\n<li>Comunicaci\u00f3n de los requerimientos efectuados por las diferentes administraciones<\/li>\n<\/ul>\n<p><strong>Por ser cliente de AEMTIA, obtienes un 100% de descuento en el tr\u00e1mite de alta en la DEH\u00fa.<\/strong><\/p>\n<p>Facturaci\u00f3n anual (descuento) o mensual.<\/p>\n","protected":false},"featured_media":8356,"template":"","meta":{"_acf_changed":false,"_gspb_post_css":"","_genesis_hide_title":false,"_genesis_hide_breadcrumbs":false,"_genesis_hide_singular_image":false,"_genesis_hide_footer_widgets":false,"_genesis_custom_body_class":"","_genesis_custom_post_class":"","_genesis_layout":""},"product_brand":[],"product_cat":[61],"product_tag":[],"class_list":{"1":"product","2":"type-product","6":"product_cat-administrativo","7":"entry","9":"first","10":"instock","11":"sold-individually","12":"taxable","13":"shipping-taxable","14":"purchasable","15":"product-type-variable-subscription","16":"has-default-attributes"},"exclude_global_add_ons":[],"addons":[],"yoast_head":"<!-- This site is optimized with the Yoast SEO plugin v26.1.1 - https:\/\/yoast.com\/wordpress\/plugins\/seo\/ -->\n<title>Gesti\u00f3n de notificaciones DEH\u00fa - Aemtia Assessors<\/title>\n<meta name=\"description\" content=\"Desde el 1 de enero, la Agencia Tributaria s\u00f3lo env\u00eda comunicaciones a trav\u00e9s de la DEH\u00fa. Delega la gesti\u00f3n de notificaciones y no te pierdas ning\u00fan plazo.\" \/>\n<meta name=\"robots\" content=\"index, follow, max-snippet:-1, max-image-preview:large, max-video-preview:-1\" \/>\n<link rel=\"canonical\" href=\"https:\/\/www.aemtia.com\/es\/tramites-online\/gestion-de-notificaciones-dehu\/\" \/>\n<meta property=\"og:locale\" content=\"es_ES\" \/>\n<meta property=\"og:type\" content=\"article\" \/>\n<meta property=\"og:title\" content=\"Gesti\u00f3n de notificaciones DEH\u00fa - Aemtia Assessors\" \/>\n<meta property=\"og:description\" content=\"Desde el 1 de enero, la Agencia Tributaria s\u00f3lo env\u00eda comunicaciones a trav\u00e9s de la DEH\u00fa. Delega la gesti\u00f3n de notificaciones y no te pierdas ning\u00fan plazo.\" \/>\n<meta property=\"og:url\" content=\"https:\/\/www.aemtia.com\/es\/tramites-online\/gestion-de-notificaciones-dehu\/\" \/>\n<meta property=\"og:site_name\" content=\"Aemtia Assessors\" \/>\n<meta property=\"article:modified_time\" content=\"2023-01-13T12:30:20+00:00\" \/>\n<meta property=\"og:image\" content=\"https:\/\/www.aemtia.com\/wp-content\/uploads\/2023\/01\/58.-Gestio-DEHu.png\" \/>\n\t<meta property=\"og:image:width\" content=\"1202\" \/>\n\t<meta property=\"og:image:height\" content=\"1202\" \/>\n\t<meta property=\"og:image:type\" content=\"image\/png\" \/>\n<meta name=\"twitter:card\" content=\"summary_large_image\" \/>\n<meta name=\"twitter:label1\" content=\"Tiempo de lectura\" \/>\n\t<meta name=\"twitter:data1\" content=\"1 minuto\" \/>\n<script type=\"application\/ld+json\" class=\"yoast-schema-graph\">{\"@context\":\"https:\/\/schema.org\",\"@graph\":[{\"@type\":\"WebPage\",\"@id\":\"https:\/\/www.aemtia.com\/es\/tramites-online\/gestion-de-notificaciones-dehu\/\",\"url\":\"https:\/\/www.aemtia.com\/es\/tramites-online\/gestion-de-notificaciones-dehu\/\",\"name\":\"Gesti\u00f3n de notificaciones DEH\u00fa - Aemtia Assessors\",\"isPartOf\":{\"@id\":\"https:\/\/www.aemtia.com\/#website\"},\"primaryImageOfPage\":{\"@id\":\"https:\/\/www.aemtia.com\/es\/tramites-online\/gestion-de-notificaciones-dehu\/#primaryimage\"},\"image\":{\"@id\":\"https:\/\/www.aemtia.com\/es\/tramites-online\/gestion-de-notificaciones-dehu\/#primaryimage\"},\"thumbnailUrl\":\"https:\/\/www.aemtia.com\/wp-content\/uploads\/2023\/01\/58.-Gestio-DEHu.png\",\"datePublished\":\"2023-01-13T09:12:43+00:00\",\"dateModified\":\"2023-01-13T12:30:20+00:00\",\"description\":\"Desde el 1 de enero, la Agencia Tributaria s\u00f3lo env\u00eda comunicaciones a trav\u00e9s de la DEH\u00fa. Delega la gesti\u00f3n de notificaciones y no te pierdas ning\u00fan plazo.\",\"breadcrumb\":{\"@id\":\"https:\/\/www.aemtia.com\/es\/tramites-online\/gestion-de-notificaciones-dehu\/#breadcrumb\"},\"inLanguage\":\"es\",\"potentialAction\":[{\"@type\":\"ReadAction\",\"target\":[\"https:\/\/www.aemtia.com\/es\/tramites-online\/gestion-de-notificaciones-dehu\/\"]}]},{\"@type\":\"ImageObject\",\"inLanguage\":\"es\",\"@id\":\"https:\/\/www.aemtia.com\/es\/tramites-online\/gestion-de-notificaciones-dehu\/#primaryimage\",\"url\":\"https:\/\/www.aemtia.com\/wp-content\/uploads\/2023\/01\/58.-Gestio-DEHu.png\",\"contentUrl\":\"https:\/\/www.aemtia.com\/wp-content\/uploads\/2023\/01\/58.-Gestio-DEHu.png\",\"width\":1202,\"height\":1202},{\"@type\":\"BreadcrumbList\",\"@id\":\"https:\/\/www.aemtia.com\/es\/tramites-online\/gestion-de-notificaciones-dehu\/#breadcrumb\",\"itemListElement\":[{\"@type\":\"ListItem\",\"position\":1,\"name\":\"Inici\",\"item\":\"https:\/\/www.aemtia.com\/es\/\"},{\"@type\":\"ListItem\",\"position\":2,\"name\":\"Tr\u00e1mites Online\",\"item\":\"https:\/\/www.aemtia.com\/es\/tramites-online\/\"},{\"@type\":\"ListItem\",\"position\":3,\"name\":\"Gesti\u00f3n de notificaciones DEH\u00fa\"}]},{\"@type\":\"WebSite\",\"@id\":\"https:\/\/www.aemtia.com\/#website\",\"url\":\"https:\/\/www.aemtia.com\/\",\"name\":\"Aemtia Assessors\",\"description\":\"Asesores en el \u00e1mbito empresarial, profesional y personal\",\"publisher\":{\"@id\":\"https:\/\/www.aemtia.com\/#organization\"},\"potentialAction\":[{\"@type\":\"SearchAction\",\"target\":{\"@type\":\"EntryPoint\",\"urlTemplate\":\"https:\/\/www.aemtia.com\/?s={search_term_string}\"},\"query-input\":{\"@type\":\"PropertyValueSpecification\",\"valueRequired\":true,\"valueName\":\"search_term_string\"}}],\"inLanguage\":\"es\"},{\"@type\":\"Organization\",\"@id\":\"https:\/\/www.aemtia.com\/#organization\",\"name\":\"Aemtia Assessors S.L.\",\"url\":\"https:\/\/www.aemtia.com\/\",\"logo\":{\"@type\":\"ImageObject\",\"inLanguage\":\"es\",\"@id\":\"https:\/\/www.aemtia.com\/#\/schema\/logo\/image\/\",\"url\":\"https:\/\/www.aemtia.com\/wp-content\/uploads\/2022\/04\/Paquet-logotips-AEMTIA_logo-web.png\",\"contentUrl\":\"https:\/\/www.aemtia.com\/wp-content\/uploads\/2022\/04\/Paquet-logotips-AEMTIA_logo-web.png\",\"width\":2000,\"height\":1000,\"caption\":\"Aemtia Assessors S.L.\"},\"image\":{\"@id\":\"https:\/\/www.aemtia.com\/#\/schema\/logo\/image\/\"}}]}<\/script>\n<!-- \/ Yoast SEO plugin. -->","yoast_head_json":{"title":"Gesti\u00f3n de notificaciones DEH\u00fa - Aemtia Assessors","description":"Desde el 1 de enero, la Agencia Tributaria s\u00f3lo env\u00eda comunicaciones a trav\u00e9s de la DEH\u00fa. Delega la gesti\u00f3n de notificaciones y no te pierdas ning\u00fan plazo.","robots":{"index":"index","follow":"follow","max-snippet":"max-snippet:-1","max-image-preview":"max-image-preview:large","max-video-preview":"max-video-preview:-1"},"canonical":"https:\/\/www.aemtia.com\/es\/tramites-online\/gestion-de-notificaciones-dehu\/","og_locale":"es_ES","og_type":"article","og_title":"Gesti\u00f3n de notificaciones DEH\u00fa - Aemtia Assessors","og_description":"Desde el 1 de enero, la Agencia Tributaria s\u00f3lo env\u00eda comunicaciones a trav\u00e9s de la DEH\u00fa. Delega la gesti\u00f3n de notificaciones y no te pierdas ning\u00fan plazo.","og_url":"https:\/\/www.aemtia.com\/es\/tramites-online\/gestion-de-notificaciones-dehu\/","og_site_name":"Aemtia Assessors","article_modified_time":"2023-01-13T12:30:20+00:00","og_image":[{"width":1202,"height":1202,"url":"https:\/\/www.aemtia.com\/wp-content\/uploads\/2023\/01\/58.-Gestio-DEHu.png","type":"image\/png"}],"twitter_card":"summary_large_image","twitter_misc":{"Tiempo de lectura":"1 minuto"},"schema":{"@context":"https:\/\/schema.org","@graph":[{"@type":"WebPage","@id":"https:\/\/www.aemtia.com\/es\/tramites-online\/gestion-de-notificaciones-dehu\/","url":"https:\/\/www.aemtia.com\/es\/tramites-online\/gestion-de-notificaciones-dehu\/","name":"Gesti\u00f3n de notificaciones DEH\u00fa - Aemtia Assessors","isPartOf":{"@id":"https:\/\/www.aemtia.com\/#website"},"primaryImageOfPage":{"@id":"https:\/\/www.aemtia.com\/es\/tramites-online\/gestion-de-notificaciones-dehu\/#primaryimage"},"image":{"@id":"https:\/\/www.aemtia.com\/es\/tramites-online\/gestion-de-notificaciones-dehu\/#primaryimage"},"thumbnailUrl":"https:\/\/www.aemtia.com\/wp-content\/uploads\/2023\/01\/58.-Gestio-DEHu.png","datePublished":"2023-01-13T09:12:43+00:00","dateModified":"2023-01-13T12:30:20+00:00","description":"Desde el 1 de enero, la Agencia Tributaria s\u00f3lo env\u00eda comunicaciones a trav\u00e9s de la DEH\u00fa. Delega la gesti\u00f3n de notificaciones y no te pierdas ning\u00fan plazo.","breadcrumb":{"@id":"https:\/\/www.aemtia.com\/es\/tramites-online\/gestion-de-notificaciones-dehu\/#breadcrumb"},"inLanguage":"es","potentialAction":[{"@type":"ReadAction","target":["https:\/\/www.aemtia.com\/es\/tramites-online\/gestion-de-notificaciones-dehu\/"]}]},{"@type":"ImageObject","inLanguage":"es","@id":"https:\/\/www.aemtia.com\/es\/tramites-online\/gestion-de-notificaciones-dehu\/#primaryimage","url":"https:\/\/www.aemtia.com\/wp-content\/uploads\/2023\/01\/58.-Gestio-DEHu.png","contentUrl":"https:\/\/www.aemtia.com\/wp-content\/uploads\/2023\/01\/58.-Gestio-DEHu.png","width":1202,"height":1202},{"@type":"BreadcrumbList","@id":"https:\/\/www.aemtia.com\/es\/tramites-online\/gestion-de-notificaciones-dehu\/#breadcrumb","itemListElement":[{"@type":"ListItem","position":1,"name":"Inici","item":"https:\/\/www.aemtia.com\/es\/"},{"@type":"ListItem","position":2,"name":"Tr\u00e1mites Online","item":"https:\/\/www.aemtia.com\/es\/tramites-online\/"},{"@type":"ListItem","position":3,"name":"Gesti\u00f3n de notificaciones DEH\u00fa"}]},{"@type":"WebSite","@id":"https:\/\/www.aemtia.com\/#website","url":"https:\/\/www.aemtia.com\/","name":"Aemtia Assessors","description":"Asesores en el \u00e1mbito empresarial, profesional y personal","publisher":{"@id":"https:\/\/www.aemtia.com\/#organization"},"potentialAction":[{"@type":"SearchAction","target":{"@type":"EntryPoint","urlTemplate":"https:\/\/www.aemtia.com\/?s={search_term_string}"},"query-input":{"@type":"PropertyValueSpecification","valueRequired":true,"valueName":"search_term_string"}}],"inLanguage":"es"},{"@type":"Organization","@id":"https:\/\/www.aemtia.com\/#organization","name":"Aemtia Assessors S.L.","url":"https:\/\/www.aemtia.com\/","logo":{"@type":"ImageObject","inLanguage":"es","@id":"https:\/\/www.aemtia.com\/#\/schema\/logo\/image\/","url":"https:\/\/www.aemtia.com\/wp-content\/uploads\/2022\/04\/Paquet-logotips-AEMTIA_logo-web.png","contentUrl":"https:\/\/www.aemtia.com\/wp-content\/uploads\/2022\/04\/Paquet-logotips-AEMTIA_logo-web.png","width":2000,"height":1000,"caption":"Aemtia Assessors S.L."},"image":{"@id":"https:\/\/www.aemtia.com\/#\/schema\/logo\/image\/"}}]}},"acf":[],"_links":{"self":[{"href":"https:\/\/www.aemtia.com\/es\/wp-json\/wp\/v2\/product\/8389","targetHints":{"allow":["GET"]}}],"collection":[{"href":"https:\/\/www.aemtia.com\/es\/wp-json\/wp\/v2\/product"}],"about":[{"href":"https:\/\/www.aemtia.com\/es\/wp-json\/wp\/v2\/types\/product"}],"wp:featuredmedia":[{"embeddable":true,"href":"https:\/\/www.aemtia.com\/es\/wp-json\/wp\/v2\/media\/8356"}],"wp:attachment":[{"href":"https:\/\/www.aemtia.com\/es\/wp-json\/wp\/v2\/media?parent=8389"}],"wp:term":[{"taxonomy":"product_brand","embeddable":true,"href":"https:\/\/www.aemtia.com\/es\/wp-json\/wp\/v2\/product_brand?post=8389"},{"taxonomy":"product_cat","embeddable":true,"href":"https:\/\/www.aemtia.com\/es\/wp-json\/wp\/v2\/product_cat?post=8389"},{"taxonomy":"product_tag","embeddable":true,"href":"https:\/\/www.aemtia.com\/es\/wp-json\/wp\/v2\/product_tag?post=8389"}],"curies":[{"name":"wp","href":"https:\/\/api.w.org\/{rel}","templated":true}]}}