{"id":5984,"date":"2022-10-04T09:17:37","date_gmt":"2022-10-04T07:30:20","guid":{"rendered":"https:\/\/www.aemtia.com\/?post_type=product&#038;p=5984"},"modified":"2023-01-13T09:06:53","modified_gmt":"2023-01-13T08:06:53","slug":"nota-simple-del-registro-mercantil","status":"publish","type":"product","link":"https:\/\/www.aemtia.com\/es\/tramites-online\/nota-simple-del-registro-mercantil\/","title":{"rendered":"Nota Simple del Registro Mercantil"},"content":{"rendered":"<p>La Nota Simple es el documento que emite el Registro Mercantil sobre cualquier empresa de Espa\u00f1a con la informaci\u00f3n general y actualizada de dicha empresa: denominaci\u00f3n social, domicilio social, objeto social, cargos sociales, CIF, etc.<\/p>\n<p>Se trata de un tr\u00e1mite necesario para solicitar el certificado digital de empresa.<\/p>\n","protected":false},"excerpt":{"rendered":"<p><strong>La Nota Simple caduca a los 15 d\u00edas de su obtenci\u00f3n.<\/strong><\/p>\n<p>Si la nota simple recoge mucha informaci\u00f3n (m\u00e1s de 2 representantes, varios apoderados, etc.), el precio puede ser superior a los estipulados. En ese caso se facturar\u00e1 adicionalmente la diferencia una vez realizado el tr\u00e1mite.<\/p>\n","protected":false},"featured_media":5983,"template":"","meta":{"_acf_changed":false,"_gspb_post_css":"","_genesis_hide_title":false,"_genesis_hide_breadcrumbs":false,"_genesis_hide_singular_image":false,"_genesis_hide_footer_widgets":false,"_genesis_custom_body_class":"","_genesis_custom_post_class":"","_genesis_layout":""},"product_brand":[],"product_cat":[61],"product_tag":[],"class_list":{"1":"product","2":"type-product","6":"product_cat-administrativo","7":"entry","9":"first","10":"instock","11":"virtual","12":"sold-individually","13":"taxable","14":"purchasable","15":"product-type-simple"},"exclude_global_add_ons":false,"addons":[{"name":"Tipo de administrador","type":"multiple_choice","position":0,"required":true,"title_format":"label","default":"","description_enable":true,"description":"Escoge el tipo de administrador.","placeholder_enable":false,"placeholder":"","display":"select","restrictions_type":"any_text","adjust_price":false,"price":"","price_type":"flat_fee","restrictions":false,"min":"0","max":"0","options":[{"label":"Administrador \u00fanico o solidario","price":"","price_type":"flat_fee","image":0,"visibility":true},{"label":"Administrador mancomunado, apoderado u otros.","price":"4","price_type":"flat_fee","image":0,"visibility":true}],"id":1673600762}],"yoast_head":"<!-- This site is optimized with the Yoast SEO plugin v26.1.1 - https:\/\/yoast.com\/wordpress\/plugins\/seo\/ -->\n<title>Nota Simple del Registro Mercantil - Aemtia Assessors<\/title>\n<meta name=\"description\" content=\"Consigue la Nota Simple del Registro Mercantil, el documento que recoge la informaci\u00f3n general y actualizada de tu empresa.\" \/>\n<meta name=\"robots\" content=\"index, follow, max-snippet:-1, max-image-preview:large, max-video-preview:-1\" \/>\n<link rel=\"canonical\" href=\"https:\/\/www.aemtia.com\/es\/tramites-online\/nota-simple-del-registro-mercantil\/\" \/>\n<meta property=\"og:locale\" content=\"es_ES\" \/>\n<meta property=\"og:type\" content=\"article\" \/>\n<meta property=\"og:title\" content=\"Nota Simple del Registro Mercantil - Aemtia Assessors\" \/>\n<meta property=\"og:description\" content=\"Consigue la Nota Simple del Registro Mercantil, el documento que recoge la informaci\u00f3n general y actualizada de tu empresa.\" \/>\n<meta property=\"og:url\" content=\"https:\/\/www.aemtia.com\/es\/tramites-online\/nota-simple-del-registro-mercantil\/\" \/>\n<meta property=\"og:site_name\" content=\"Aemtia Assessors\" \/>\n<meta property=\"article:modified_time\" content=\"2023-01-13T08:06:53+00:00\" \/>\n<meta property=\"og:image\" content=\"https:\/\/www.aemtia.com\/wp-content\/uploads\/2022\/10\/nota-simple-1.png\" \/>\n\t<meta property=\"og:image:width\" content=\"2500\" \/>\n\t<meta property=\"og:image:height\" content=\"2500\" \/>\n\t<meta property=\"og:image:type\" content=\"image\/png\" \/>\n<meta name=\"twitter:card\" content=\"summary_large_image\" \/>\n<script type=\"application\/ld+json\" class=\"yoast-schema-graph\">{\"@context\":\"https:\/\/schema.org\",\"@graph\":[{\"@type\":\"WebPage\",\"@id\":\"https:\/\/www.aemtia.com\/es\/tramites-online\/nota-simple-del-registro-mercantil\/\",\"url\":\"https:\/\/www.aemtia.com\/es\/tramites-online\/nota-simple-del-registro-mercantil\/\",\"name\":\"Nota Simple del Registro Mercantil - Aemtia Assessors\",\"isPartOf\":{\"@id\":\"https:\/\/www.aemtia.com\/#website\"},\"primaryImageOfPage\":{\"@id\":\"https:\/\/www.aemtia.com\/es\/tramites-online\/nota-simple-del-registro-mercantil\/#primaryimage\"},\"image\":{\"@id\":\"https:\/\/www.aemtia.com\/es\/tramites-online\/nota-simple-del-registro-mercantil\/#primaryimage\"},\"thumbnailUrl\":\"https:\/\/www.aemtia.com\/wp-content\/uploads\/2022\/10\/nota-simple-1.png\",\"datePublished\":\"2022-10-04T07:30:20+00:00\",\"dateModified\":\"2023-01-13T08:06:53+00:00\",\"description\":\"Consigue la Nota Simple del Registro Mercantil, el documento que recoge la informaci\u00f3n general y actualizada de tu empresa.\",\"breadcrumb\":{\"@id\":\"https:\/\/www.aemtia.com\/es\/tramites-online\/nota-simple-del-registro-mercantil\/#breadcrumb\"},\"inLanguage\":\"es\",\"potentialAction\":[{\"@type\":\"ReadAction\",\"target\":[\"https:\/\/www.aemtia.com\/es\/tramites-online\/nota-simple-del-registro-mercantil\/\"]}]},{\"@type\":\"ImageObject\",\"inLanguage\":\"es\",\"@id\":\"https:\/\/www.aemtia.com\/es\/tramites-online\/nota-simple-del-registro-mercantil\/#primaryimage\",\"url\":\"https:\/\/www.aemtia.com\/wp-content\/uploads\/2022\/10\/nota-simple-1.png\",\"contentUrl\":\"https:\/\/www.aemtia.com\/wp-content\/uploads\/2022\/10\/nota-simple-1.png\",\"width\":2500,\"height\":2500},{\"@type\":\"BreadcrumbList\",\"@id\":\"https:\/\/www.aemtia.com\/es\/tramites-online\/nota-simple-del-registro-mercantil\/#breadcrumb\",\"itemListElement\":[{\"@type\":\"ListItem\",\"position\":1,\"name\":\"Inici\",\"item\":\"https:\/\/www.aemtia.com\/es\/\"},{\"@type\":\"ListItem\",\"position\":2,\"name\":\"Tr\u00e1mites Online\",\"item\":\"https:\/\/www.aemtia.com\/es\/tramites-online\/\"},{\"@type\":\"ListItem\",\"position\":3,\"name\":\"Nota Simple del Registro Mercantil\"}]},{\"@type\":\"WebSite\",\"@id\":\"https:\/\/www.aemtia.com\/#website\",\"url\":\"https:\/\/www.aemtia.com\/\",\"name\":\"Aemtia Assessors\",\"description\":\"Asesores en el \u00e1mbito empresarial, profesional y personal\",\"publisher\":{\"@id\":\"https:\/\/www.aemtia.com\/#organization\"},\"potentialAction\":[{\"@type\":\"SearchAction\",\"target\":{\"@type\":\"EntryPoint\",\"urlTemplate\":\"https:\/\/www.aemtia.com\/?s={search_term_string}\"},\"query-input\":{\"@type\":\"PropertyValueSpecification\",\"valueRequired\":true,\"valueName\":\"search_term_string\"}}],\"inLanguage\":\"es\"},{\"@type\":\"Organization\",\"@id\":\"https:\/\/www.aemtia.com\/#organization\",\"name\":\"Aemtia Assessors S.L.\",\"url\":\"https:\/\/www.aemtia.com\/\",\"logo\":{\"@type\":\"ImageObject\",\"inLanguage\":\"es\",\"@id\":\"https:\/\/www.aemtia.com\/#\/schema\/logo\/image\/\",\"url\":\"https:\/\/www.aemtia.com\/wp-content\/uploads\/2022\/04\/Paquet-logotips-AEMTIA_logo-web.png\",\"contentUrl\":\"https:\/\/www.aemtia.com\/wp-content\/uploads\/2022\/04\/Paquet-logotips-AEMTIA_logo-web.png\",\"width\":2000,\"height\":1000,\"caption\":\"Aemtia Assessors S.L.\"},\"image\":{\"@id\":\"https:\/\/www.aemtia.com\/#\/schema\/logo\/image\/\"}}]}<\/script>\n<!-- \/ Yoast SEO plugin. -->","yoast_head_json":{"title":"Nota Simple del Registro Mercantil - Aemtia Assessors","description":"Consigue la Nota Simple del Registro Mercantil, el documento que recoge la informaci\u00f3n general y actualizada de tu empresa.","robots":{"index":"index","follow":"follow","max-snippet":"max-snippet:-1","max-image-preview":"max-image-preview:large","max-video-preview":"max-video-preview:-1"},"canonical":"https:\/\/www.aemtia.com\/es\/tramites-online\/nota-simple-del-registro-mercantil\/","og_locale":"es_ES","og_type":"article","og_title":"Nota Simple del Registro Mercantil - Aemtia Assessors","og_description":"Consigue la Nota Simple del Registro Mercantil, el documento que recoge la informaci\u00f3n general y actualizada de tu empresa.","og_url":"https:\/\/www.aemtia.com\/es\/tramites-online\/nota-simple-del-registro-mercantil\/","og_site_name":"Aemtia Assessors","article_modified_time":"2023-01-13T08:06:53+00:00","og_image":[{"width":2500,"height":2500,"url":"https:\/\/www.aemtia.com\/wp-content\/uploads\/2022\/10\/nota-simple-1.png","type":"image\/png"}],"twitter_card":"summary_large_image","schema":{"@context":"https:\/\/schema.org","@graph":[{"@type":"WebPage","@id":"https:\/\/www.aemtia.com\/es\/tramites-online\/nota-simple-del-registro-mercantil\/","url":"https:\/\/www.aemtia.com\/es\/tramites-online\/nota-simple-del-registro-mercantil\/","name":"Nota Simple del Registro Mercantil - Aemtia Assessors","isPartOf":{"@id":"https:\/\/www.aemtia.com\/#website"},"primaryImageOfPage":{"@id":"https:\/\/www.aemtia.com\/es\/tramites-online\/nota-simple-del-registro-mercantil\/#primaryimage"},"image":{"@id":"https:\/\/www.aemtia.com\/es\/tramites-online\/nota-simple-del-registro-mercantil\/#primaryimage"},"thumbnailUrl":"https:\/\/www.aemtia.com\/wp-content\/uploads\/2022\/10\/nota-simple-1.png","datePublished":"2022-10-04T07:30:20+00:00","dateModified":"2023-01-13T08:06:53+00:00","description":"Consigue la Nota Simple del Registro Mercantil, el documento que recoge la informaci\u00f3n general y actualizada de tu empresa.","breadcrumb":{"@id":"https:\/\/www.aemtia.com\/es\/tramites-online\/nota-simple-del-registro-mercantil\/#breadcrumb"},"inLanguage":"es","potentialAction":[{"@type":"ReadAction","target":["https:\/\/www.aemtia.com\/es\/tramites-online\/nota-simple-del-registro-mercantil\/"]}]},{"@type":"ImageObject","inLanguage":"es","@id":"https:\/\/www.aemtia.com\/es\/tramites-online\/nota-simple-del-registro-mercantil\/#primaryimage","url":"https:\/\/www.aemtia.com\/wp-content\/uploads\/2022\/10\/nota-simple-1.png","contentUrl":"https:\/\/www.aemtia.com\/wp-content\/uploads\/2022\/10\/nota-simple-1.png","width":2500,"height":2500},{"@type":"BreadcrumbList","@id":"https:\/\/www.aemtia.com\/es\/tramites-online\/nota-simple-del-registro-mercantil\/#breadcrumb","itemListElement":[{"@type":"ListItem","position":1,"name":"Inici","item":"https:\/\/www.aemtia.com\/es\/"},{"@type":"ListItem","position":2,"name":"Tr\u00e1mites Online","item":"https:\/\/www.aemtia.com\/es\/tramites-online\/"},{"@type":"ListItem","position":3,"name":"Nota Simple del Registro Mercantil"}]},{"@type":"WebSite","@id":"https:\/\/www.aemtia.com\/#website","url":"https:\/\/www.aemtia.com\/","name":"Aemtia Assessors","description":"Asesores en el \u00e1mbito empresarial, profesional y personal","publisher":{"@id":"https:\/\/www.aemtia.com\/#organization"},"potentialAction":[{"@type":"SearchAction","target":{"@type":"EntryPoint","urlTemplate":"https:\/\/www.aemtia.com\/?s={search_term_string}"},"query-input":{"@type":"PropertyValueSpecification","valueRequired":true,"valueName":"search_term_string"}}],"inLanguage":"es"},{"@type":"Organization","@id":"https:\/\/www.aemtia.com\/#organization","name":"Aemtia Assessors S.L.","url":"https:\/\/www.aemtia.com\/","logo":{"@type":"ImageObject","inLanguage":"es","@id":"https:\/\/www.aemtia.com\/#\/schema\/logo\/image\/","url":"https:\/\/www.aemtia.com\/wp-content\/uploads\/2022\/04\/Paquet-logotips-AEMTIA_logo-web.png","contentUrl":"https:\/\/www.aemtia.com\/wp-content\/uploads\/2022\/04\/Paquet-logotips-AEMTIA_logo-web.png","width":2000,"height":1000,"caption":"Aemtia Assessors S.L."},"image":{"@id":"https:\/\/www.aemtia.com\/#\/schema\/logo\/image\/"}}]}},"acf":[],"_links":{"self":[{"href":"https:\/\/www.aemtia.com\/es\/wp-json\/wp\/v2\/product\/5984","targetHints":{"allow":["GET"]}}],"collection":[{"href":"https:\/\/www.aemtia.com\/es\/wp-json\/wp\/v2\/product"}],"about":[{"href":"https:\/\/www.aemtia.com\/es\/wp-json\/wp\/v2\/types\/product"}],"wp:featuredmedia":[{"embeddable":true,"href":"https:\/\/www.aemtia.com\/es\/wp-json\/wp\/v2\/media\/5983"}],"wp:attachment":[{"href":"https:\/\/www.aemtia.com\/es\/wp-json\/wp\/v2\/media?parent=5984"}],"wp:term":[{"taxonomy":"product_brand","embeddable":true,"href":"https:\/\/www.aemtia.com\/es\/wp-json\/wp\/v2\/product_brand?post=5984"},{"taxonomy":"product_cat","embeddable":true,"href":"https:\/\/www.aemtia.com\/es\/wp-json\/wp\/v2\/product_cat?post=5984"},{"taxonomy":"product_tag","embeddable":true,"href":"https:\/\/www.aemtia.com\/es\/wp-json\/wp\/v2\/product_tag?post=5984"}],"curies":[{"name":"wp","href":"https:\/\/api.w.org\/{rel}","templated":true}]}}