{"id":4101,"date":"2022-08-18T10:24:07","date_gmt":"2022-08-18T11:45:24","guid":{"rendered":"https:\/\/www.aemtia.com\/tramits-online\/consultoria-1h\/"},"modified":"2022-08-18T13:46:26","modified_gmt":"2022-08-18T11:46:26","slug":"consultoria-1h-2","status":"publish","type":"product","link":"https:\/\/www.aemtia.com\/es\/tramites-online\/consultoria-1h-2\/","title":{"rendered":"Consultor\u00eda 1h"},"content":{"rendered":"<h2>Ahorra el 50%<\/h2>\n<p>Si de la consulta se deriva la confecci\u00f3n de un informe o documento, obtienes un 50% de descuento en el precio final del mismo.<\/p>\n","protected":false},"excerpt":{"rendered":"<p>Reserva una hora de consulta con AEMTIA.<\/p>\n<p>Si quieres resolver temas espec\u00edficos, aclarar alguna duda, tienes una nueva idea y quieres saber c\u00f3mo llevarla a cabo&#8230; Responderemos a tus preguntas y te asesoraremos para que obtengas los mejores resultados.<\/p>\n","protected":false},"featured_media":4096,"template":"","meta":{"_acf_changed":false,"_gspb_post_css":"","_genesis_hide_title":false,"_genesis_hide_breadcrumbs":false,"_genesis_hide_singular_image":false,"_genesis_hide_footer_widgets":false,"_genesis_custom_body_class":"","_genesis_custom_post_class":"","_genesis_layout":""},"product_brand":[],"product_cat":[61],"product_tag":[],"class_list":{"1":"product","2":"type-product","6":"product_cat-administrativo","7":"entry","9":"first","10":"instock","11":"virtual","12":"taxable","13":"purchasable","14":"product-type-simple"},"exclude_global_add_ons":[],"addons":[],"yoast_head":"<!-- This site is optimized with the Yoast SEO plugin v26.1.1 - https:\/\/yoast.com\/wordpress\/plugins\/seo\/ -->\n<title>Consultor\u00eda 1h - Aemtia Assessors<\/title>\n<meta name=\"description\" content=\"Reserva una consultor\u00eda de una hora con nuestros Asesores AEMTIA para resolver dudas y temas espec\u00edficos. 50% de descuento en informes y documentos.\" \/>\n<meta name=\"robots\" content=\"index, follow, max-snippet:-1, max-image-preview:large, max-video-preview:-1\" \/>\n<link rel=\"canonical\" href=\"https:\/\/www.aemtia.com\/es\/tramites-online\/consultoria-1h-2\/\" \/>\n<meta property=\"og:locale\" content=\"es_ES\" \/>\n<meta property=\"og:type\" content=\"article\" \/>\n<meta property=\"og:title\" content=\"Consultor\u00eda 1h - Aemtia Assessors\" \/>\n<meta property=\"og:description\" content=\"Reserva una consultor\u00eda de una hora con nuestros Asesores AEMTIA para resolver dudas y temas espec\u00edficos. 50% de descuento en informes y documentos.\" \/>\n<meta property=\"og:url\" content=\"https:\/\/www.aemtia.com\/es\/tramites-online\/consultoria-1h-2\/\" \/>\n<meta property=\"og:site_name\" content=\"Aemtia Assessors\" \/>\n<meta property=\"article:modified_time\" content=\"2022-08-18T11:46:26+00:00\" \/>\n<meta property=\"og:image\" content=\"https:\/\/www.aemtia.com\/wp-content\/uploads\/2022\/08\/56.Consulta-1h.png\" \/>\n\t<meta property=\"og:image:width\" content=\"1201\" \/>\n\t<meta property=\"og:image:height\" content=\"1201\" \/>\n\t<meta property=\"og:image:type\" content=\"image\/png\" \/>\n<meta name=\"twitter:card\" content=\"summary_large_image\" \/>\n<script type=\"application\/ld+json\" class=\"yoast-schema-graph\">{\"@context\":\"https:\/\/schema.org\",\"@graph\":[{\"@type\":\"WebPage\",\"@id\":\"https:\/\/www.aemtia.com\/es\/tramites-online\/consultoria-1h-2\/\",\"url\":\"https:\/\/www.aemtia.com\/es\/tramites-online\/consultoria-1h-2\/\",\"name\":\"Consultor\u00eda 1h - Aemtia Assessors\",\"isPartOf\":{\"@id\":\"https:\/\/www.aemtia.com\/#website\"},\"primaryImageOfPage\":{\"@id\":\"https:\/\/www.aemtia.com\/es\/tramites-online\/consultoria-1h-2\/#primaryimage\"},\"image\":{\"@id\":\"https:\/\/www.aemtia.com\/es\/tramites-online\/consultoria-1h-2\/#primaryimage\"},\"thumbnailUrl\":\"https:\/\/www.aemtia.com\/wp-content\/uploads\/2022\/08\/56.Consulta-1h.png\",\"datePublished\":\"2022-08-18T11:45:24+00:00\",\"dateModified\":\"2022-08-18T11:46:26+00:00\",\"description\":\"Reserva una consultor\u00eda de una hora con nuestros Asesores AEMTIA para resolver dudas y temas espec\u00edficos. 50% de descuento en informes y documentos.\",\"breadcrumb\":{\"@id\":\"https:\/\/www.aemtia.com\/es\/tramites-online\/consultoria-1h-2\/#breadcrumb\"},\"inLanguage\":\"es\",\"potentialAction\":[{\"@type\":\"ReadAction\",\"target\":[\"https:\/\/www.aemtia.com\/es\/tramites-online\/consultoria-1h-2\/\"]}]},{\"@type\":\"ImageObject\",\"inLanguage\":\"es\",\"@id\":\"https:\/\/www.aemtia.com\/es\/tramites-online\/consultoria-1h-2\/#primaryimage\",\"url\":\"https:\/\/www.aemtia.com\/wp-content\/uploads\/2022\/08\/56.Consulta-1h.png\",\"contentUrl\":\"https:\/\/www.aemtia.com\/wp-content\/uploads\/2022\/08\/56.Consulta-1h.png\",\"width\":1201,\"height\":1201},{\"@type\":\"BreadcrumbList\",\"@id\":\"https:\/\/www.aemtia.com\/es\/tramites-online\/consultoria-1h-2\/#breadcrumb\",\"itemListElement\":[{\"@type\":\"ListItem\",\"position\":1,\"name\":\"Inici\",\"item\":\"https:\/\/www.aemtia.com\/es\/\"},{\"@type\":\"ListItem\",\"position\":2,\"name\":\"Tr\u00e1mites Online\",\"item\":\"https:\/\/www.aemtia.com\/es\/tramites-online\/\"},{\"@type\":\"ListItem\",\"position\":3,\"name\":\"Consultor\u00eda 1h\"}]},{\"@type\":\"WebSite\",\"@id\":\"https:\/\/www.aemtia.com\/#website\",\"url\":\"https:\/\/www.aemtia.com\/\",\"name\":\"Aemtia Assessors\",\"description\":\"Asesores en el \u00e1mbito empresarial, profesional y personal\",\"publisher\":{\"@id\":\"https:\/\/www.aemtia.com\/#organization\"},\"potentialAction\":[{\"@type\":\"SearchAction\",\"target\":{\"@type\":\"EntryPoint\",\"urlTemplate\":\"https:\/\/www.aemtia.com\/?s={search_term_string}\"},\"query-input\":{\"@type\":\"PropertyValueSpecification\",\"valueRequired\":true,\"valueName\":\"search_term_string\"}}],\"inLanguage\":\"es\"},{\"@type\":\"Organization\",\"@id\":\"https:\/\/www.aemtia.com\/#organization\",\"name\":\"Aemtia Assessors S.L.\",\"url\":\"https:\/\/www.aemtia.com\/\",\"logo\":{\"@type\":\"ImageObject\",\"inLanguage\":\"es\",\"@id\":\"https:\/\/www.aemtia.com\/#\/schema\/logo\/image\/\",\"url\":\"https:\/\/www.aemtia.com\/wp-content\/uploads\/2022\/04\/Paquet-logotips-AEMTIA_logo-web.png\",\"contentUrl\":\"https:\/\/www.aemtia.com\/wp-content\/uploads\/2022\/04\/Paquet-logotips-AEMTIA_logo-web.png\",\"width\":2000,\"height\":1000,\"caption\":\"Aemtia Assessors S.L.\"},\"image\":{\"@id\":\"https:\/\/www.aemtia.com\/#\/schema\/logo\/image\/\"}}]}<\/script>\n<!-- \/ Yoast SEO plugin. -->","yoast_head_json":{"title":"Consultor\u00eda 1h - Aemtia Assessors","description":"Reserva una consultor\u00eda de una hora con nuestros Asesores AEMTIA para resolver dudas y temas espec\u00edficos. 50% de descuento en informes y documentos.","robots":{"index":"index","follow":"follow","max-snippet":"max-snippet:-1","max-image-preview":"max-image-preview:large","max-video-preview":"max-video-preview:-1"},"canonical":"https:\/\/www.aemtia.com\/es\/tramites-online\/consultoria-1h-2\/","og_locale":"es_ES","og_type":"article","og_title":"Consultor\u00eda 1h - Aemtia Assessors","og_description":"Reserva una consultor\u00eda de una hora con nuestros Asesores AEMTIA para resolver dudas y temas espec\u00edficos. 50% de descuento en informes y documentos.","og_url":"https:\/\/www.aemtia.com\/es\/tramites-online\/consultoria-1h-2\/","og_site_name":"Aemtia Assessors","article_modified_time":"2022-08-18T11:46:26+00:00","og_image":[{"width":1201,"height":1201,"url":"https:\/\/www.aemtia.com\/wp-content\/uploads\/2022\/08\/56.Consulta-1h.png","type":"image\/png"}],"twitter_card":"summary_large_image","schema":{"@context":"https:\/\/schema.org","@graph":[{"@type":"WebPage","@id":"https:\/\/www.aemtia.com\/es\/tramites-online\/consultoria-1h-2\/","url":"https:\/\/www.aemtia.com\/es\/tramites-online\/consultoria-1h-2\/","name":"Consultor\u00eda 1h - Aemtia Assessors","isPartOf":{"@id":"https:\/\/www.aemtia.com\/#website"},"primaryImageOfPage":{"@id":"https:\/\/www.aemtia.com\/es\/tramites-online\/consultoria-1h-2\/#primaryimage"},"image":{"@id":"https:\/\/www.aemtia.com\/es\/tramites-online\/consultoria-1h-2\/#primaryimage"},"thumbnailUrl":"https:\/\/www.aemtia.com\/wp-content\/uploads\/2022\/08\/56.Consulta-1h.png","datePublished":"2022-08-18T11:45:24+00:00","dateModified":"2022-08-18T11:46:26+00:00","description":"Reserva una consultor\u00eda de una hora con nuestros Asesores AEMTIA para resolver dudas y temas espec\u00edficos. 50% de descuento en informes y documentos.","breadcrumb":{"@id":"https:\/\/www.aemtia.com\/es\/tramites-online\/consultoria-1h-2\/#breadcrumb"},"inLanguage":"es","potentialAction":[{"@type":"ReadAction","target":["https:\/\/www.aemtia.com\/es\/tramites-online\/consultoria-1h-2\/"]}]},{"@type":"ImageObject","inLanguage":"es","@id":"https:\/\/www.aemtia.com\/es\/tramites-online\/consultoria-1h-2\/#primaryimage","url":"https:\/\/www.aemtia.com\/wp-content\/uploads\/2022\/08\/56.Consulta-1h.png","contentUrl":"https:\/\/www.aemtia.com\/wp-content\/uploads\/2022\/08\/56.Consulta-1h.png","width":1201,"height":1201},{"@type":"BreadcrumbList","@id":"https:\/\/www.aemtia.com\/es\/tramites-online\/consultoria-1h-2\/#breadcrumb","itemListElement":[{"@type":"ListItem","position":1,"name":"Inici","item":"https:\/\/www.aemtia.com\/es\/"},{"@type":"ListItem","position":2,"name":"Tr\u00e1mites Online","item":"https:\/\/www.aemtia.com\/es\/tramites-online\/"},{"@type":"ListItem","position":3,"name":"Consultor\u00eda 1h"}]},{"@type":"WebSite","@id":"https:\/\/www.aemtia.com\/#website","url":"https:\/\/www.aemtia.com\/","name":"Aemtia Assessors","description":"Asesores en el \u00e1mbito empresarial, profesional y personal","publisher":{"@id":"https:\/\/www.aemtia.com\/#organization"},"potentialAction":[{"@type":"SearchAction","target":{"@type":"EntryPoint","urlTemplate":"https:\/\/www.aemtia.com\/?s={search_term_string}"},"query-input":{"@type":"PropertyValueSpecification","valueRequired":true,"valueName":"search_term_string"}}],"inLanguage":"es"},{"@type":"Organization","@id":"https:\/\/www.aemtia.com\/#organization","name":"Aemtia Assessors S.L.","url":"https:\/\/www.aemtia.com\/","logo":{"@type":"ImageObject","inLanguage":"es","@id":"https:\/\/www.aemtia.com\/#\/schema\/logo\/image\/","url":"https:\/\/www.aemtia.com\/wp-content\/uploads\/2022\/04\/Paquet-logotips-AEMTIA_logo-web.png","contentUrl":"https:\/\/www.aemtia.com\/wp-content\/uploads\/2022\/04\/Paquet-logotips-AEMTIA_logo-web.png","width":2000,"height":1000,"caption":"Aemtia Assessors S.L."},"image":{"@id":"https:\/\/www.aemtia.com\/#\/schema\/logo\/image\/"}}]}},"acf":[],"_links":{"self":[{"href":"https:\/\/www.aemtia.com\/es\/wp-json\/wp\/v2\/product\/4101","targetHints":{"allow":["GET"]}}],"collection":[{"href":"https:\/\/www.aemtia.com\/es\/wp-json\/wp\/v2\/product"}],"about":[{"href":"https:\/\/www.aemtia.com\/es\/wp-json\/wp\/v2\/types\/product"}],"wp:featuredmedia":[{"embeddable":true,"href":"https:\/\/www.aemtia.com\/es\/wp-json\/wp\/v2\/media\/4096"}],"wp:attachment":[{"href":"https:\/\/www.aemtia.com\/es\/wp-json\/wp\/v2\/media?parent=4101"}],"wp:term":[{"taxonomy":"product_brand","embeddable":true,"href":"https:\/\/www.aemtia.com\/es\/wp-json\/wp\/v2\/product_brand?post=4101"},{"taxonomy":"product_cat","embeddable":true,"href":"https:\/\/www.aemtia.com\/es\/wp-json\/wp\/v2\/product_cat?post=4101"},{"taxonomy":"product_tag","embeddable":true,"href":"https:\/\/www.aemtia.com\/es\/wp-json\/wp\/v2\/product_tag?post=4101"}],"curies":[{"name":"wp","href":"https:\/\/api.w.org\/{rel}","templated":true}]}}