{"id":3458,"date":"2022-05-02T14:39:53","date_gmt":"2022-07-05T09:03:08","guid":{"rendered":"https:\/\/www.aemtia.com\/tramits-online\/certificado-digital-de-comunidad-de-bienes-y-sociedades-civiles\/"},"modified":"2024-03-26T12:14:55","modified_gmt":"2024-03-26T11:14:55","slug":"certificado-digital-de-comunidad-de-bienes","status":"publish","type":"product","link":"https:\/\/www.aemtia.com\/es\/tramites-online\/certificado-digital-de-comunidad-de-bienes\/","title":{"rendered":"Certificado digital de comunidad de bienes y sociedades civiles"},"content":{"rendered":"<h3><strong>Consigue tu certificado digital de comunidad de bienes en 4 pasos:<\/strong><\/h3>\n<ol>\n<li>A\u00f1ade el Tr\u00e1mite a la cesta y finaliza la compra.<\/li>\n<li>Rellena los datos recabados y adjunta los documentos necesarios en el campo \u00abAdjuntar Archivo\u00bb.<\/li>\n<li>Realiza tu pago y recibir\u00e1s un mail con el comprobante de tu tr\u00e1mite.<\/li>\n<li>Una vez tramitado, AEMTIA se pondr\u00e1 en contacto contigo para firmar el Certificado Digital de forma personal con nosotros o en cualquier otro punto de verificaci\u00f3n que te proporcionaremos.<\/li>\n<\/ol>\n<h3><strong>Documentos a adjuntar<\/strong><\/h3>\n<ul>\n<li>Escritura de constituci\u00f3n de la Comunidad de Bienes.<\/li>\n<li>Tarjeta NIF de la comunidad de bienes.<\/li>\n<li>Copia de los DNI\/s del\/s representante\/s de la comunidad de bienes.<\/li>\n<\/ul>\n","protected":false},"excerpt":{"rendered":"<p><span style=\"font-weight: 400;\">El certificado digital de comunidad de bienes permite la <strong>autenticaci\u00f3n online<\/strong> de <b>las entidades sin personalidad jur\u00eddica<\/b>a trav\u00e9s de la persona responsable de \u00e9sta. Se expide a <\/span><b>personas f\u00edsicas como representantes legales\u00a0<\/b><span style=\"font-weight: 400;\"><strong>de la entidad<\/strong> para poder realizar tr\u00e1mites online con las Administraciones P\u00fablicas, Entidades y Organismos P\u00fablicos.<\/span><\/p>\n","protected":false},"featured_media":1829,"template":"","meta":{"_acf_changed":false,"_gspb_post_css":"","_genesis_hide_title":false,"_genesis_hide_breadcrumbs":false,"_genesis_hide_singular_image":false,"_genesis_hide_footer_widgets":false,"_genesis_custom_body_class":"","_genesis_custom_post_class":"","_genesis_layout":""},"product_brand":[],"product_cat":[61],"product_tag":[68,69,70,77],"class_list":{"1":"product","2":"type-product","6":"product_cat-administrativo","7":"product_tag-certificados-digitales","8":"product_tag-empresas","9":"product_tag-estrangeria-es","10":"product_tag-subvenciones","11":"entry","13":"first","14":"instock","15":"virtual","16":"sold-individually","17":"taxable","18":"purchasable","19":"product-type-simple"},"exclude_global_add_ons":false,"addons":[{"name":"A\u00f1os de validez","type":"multiple_choice","position":0,"required":true,"title_format":"label","default":"","description_enable":true,"description":"Los certificados tienen una validez de 1 a\u00f1o por defecto. Por cada a\u00f1o de m\u00e1s, el precio se incrementar\u00e1 en 46,39\u20ac m\u00e1s IVA.","placeholder_enable":false,"placeholder":"","display":"select","restrictions_type":"any_text","adjust_price":false,"price":"","price_type":"flat_fee","restrictions":false,"min":"0","max":"0","options":[{"label":"1 A\u00f1o","price":"","price_type":"flat_fee","image":0,"visibility":true},{"label":"2 A\u00f1os","price":"46.39","price_type":"flat_fee","image":0,"visibility":true},{"label":"3 A\u00f1os","price":"92.79","price_type":"flat_fee","image":0,"visibility":true},{"label":"4 A\u00f1os","price":"139.19","price_type":"flat_fee","image":0,"visibility":true}],"id":1706177076}],"yoast_head":"<!-- This site is optimized with the Yoast SEO plugin v26.1.1 - https:\/\/yoast.com\/wordpress\/plugins\/seo\/ -->\n<title>certificado digital de comunidad de bienes - Aemtia Assessors<\/title>\n<meta name=\"description\" content=\"Consigue tu certificado digital de comunidad de bienes. Realiza tr\u00e1mites en l\u00ednea con las administraciones p\u00fablicas desde casa.\" \/>\n<meta name=\"robots\" content=\"index, follow, max-snippet:-1, max-image-preview:large, max-video-preview:-1\" \/>\n<link rel=\"canonical\" href=\"https:\/\/www.aemtia.com\/es\/tramites-online\/certificado-digital-de-comunidad-de-bienes\/\" \/>\n<meta property=\"og:locale\" content=\"es_ES\" \/>\n<meta property=\"og:type\" content=\"article\" \/>\n<meta property=\"og:title\" content=\"certificado digital de comunidad de bienes - Aemtia Assessors\" \/>\n<meta property=\"og:description\" content=\"Consigue tu certificado digital de comunidad de bienes. Realiza tr\u00e1mites en l\u00ednea con las administraciones p\u00fablicas desde casa.\" \/>\n<meta property=\"og:url\" content=\"https:\/\/www.aemtia.com\/es\/tramites-online\/certificado-digital-de-comunidad-de-bienes\/\" \/>\n<meta property=\"og:site_name\" content=\"Aemtia Assessors\" \/>\n<meta property=\"article:modified_time\" content=\"2024-03-26T11:14:55+00:00\" \/>\n<meta property=\"og:image\" content=\"https:\/\/www.aemtia.com\/wp-content\/uploads\/2022\/05\/8.SOL\u00b7LICTUD-CERTIFICAT-DIGITAL-COMUNITAT-DE-BENS.jpg\" \/>\n\t<meta property=\"og:image:width\" content=\"1200\" \/>\n\t<meta property=\"og:image:height\" content=\"1200\" \/>\n\t<meta property=\"og:image:type\" content=\"image\/jpeg\" \/>\n<meta name=\"twitter:card\" content=\"summary_large_image\" \/>\n<meta name=\"twitter:label1\" content=\"Tiempo de lectura\" \/>\n\t<meta name=\"twitter:data1\" content=\"1 minuto\" \/>\n<script type=\"application\/ld+json\" class=\"yoast-schema-graph\">{\"@context\":\"https:\/\/schema.org\",\"@graph\":[{\"@type\":\"WebPage\",\"@id\":\"https:\/\/www.aemtia.com\/es\/tramites-online\/certificado-digital-de-comunidad-de-bienes\/\",\"url\":\"https:\/\/www.aemtia.com\/es\/tramites-online\/certificado-digital-de-comunidad-de-bienes\/\",\"name\":\"certificado digital de comunidad de bienes - Aemtia Assessors\",\"isPartOf\":{\"@id\":\"https:\/\/www.aemtia.com\/#website\"},\"primaryImageOfPage\":{\"@id\":\"https:\/\/www.aemtia.com\/es\/tramites-online\/certificado-digital-de-comunidad-de-bienes\/#primaryimage\"},\"image\":{\"@id\":\"https:\/\/www.aemtia.com\/es\/tramites-online\/certificado-digital-de-comunidad-de-bienes\/#primaryimage\"},\"thumbnailUrl\":\"https:\/\/www.aemtia.com\/wp-content\/uploads\/2022\/05\/8.SOL\u00b7LICTUD-CERTIFICAT-DIGITAL-COMUNITAT-DE-BENS.jpg\",\"datePublished\":\"2022-07-05T09:03:08+00:00\",\"dateModified\":\"2024-03-26T11:14:55+00:00\",\"description\":\"Consigue tu certificado digital de comunidad de bienes. Realiza tr\u00e1mites en l\u00ednea con las administraciones p\u00fablicas desde casa.\",\"breadcrumb\":{\"@id\":\"https:\/\/www.aemtia.com\/es\/tramites-online\/certificado-digital-de-comunidad-de-bienes\/#breadcrumb\"},\"inLanguage\":\"es\",\"potentialAction\":[{\"@type\":\"ReadAction\",\"target\":[\"https:\/\/www.aemtia.com\/es\/tramites-online\/certificado-digital-de-comunidad-de-bienes\/\"]}]},{\"@type\":\"ImageObject\",\"inLanguage\":\"es\",\"@id\":\"https:\/\/www.aemtia.com\/es\/tramites-online\/certificado-digital-de-comunidad-de-bienes\/#primaryimage\",\"url\":\"https:\/\/www.aemtia.com\/wp-content\/uploads\/2022\/05\/8.SOL\u00b7LICTUD-CERTIFICAT-DIGITAL-COMUNITAT-DE-BENS.jpg\",\"contentUrl\":\"https:\/\/www.aemtia.com\/wp-content\/uploads\/2022\/05\/8.SOL\u00b7LICTUD-CERTIFICAT-DIGITAL-COMUNITAT-DE-BENS.jpg\",\"width\":1200,\"height\":1200,\"caption\":\"administra tr\u00e1mites en el m\u00f3vil certificado digital comunidad de bienes\"},{\"@type\":\"BreadcrumbList\",\"@id\":\"https:\/\/www.aemtia.com\/es\/tramites-online\/certificado-digital-de-comunidad-de-bienes\/#breadcrumb\",\"itemListElement\":[{\"@type\":\"ListItem\",\"position\":1,\"name\":\"Inici\",\"item\":\"https:\/\/www.aemtia.com\/es\/\"},{\"@type\":\"ListItem\",\"position\":2,\"name\":\"Tr\u00e1mites Online\",\"item\":\"https:\/\/www.aemtia.com\/es\/tramites-online\/\"},{\"@type\":\"ListItem\",\"position\":3,\"name\":\"Certificado digital de comunidad de bienes y sociedades civiles\"}]},{\"@type\":\"WebSite\",\"@id\":\"https:\/\/www.aemtia.com\/#website\",\"url\":\"https:\/\/www.aemtia.com\/\",\"name\":\"Aemtia Assessors\",\"description\":\"Asesores en el \u00e1mbito empresarial, profesional y personal\",\"publisher\":{\"@id\":\"https:\/\/www.aemtia.com\/#organization\"},\"potentialAction\":[{\"@type\":\"SearchAction\",\"target\":{\"@type\":\"EntryPoint\",\"urlTemplate\":\"https:\/\/www.aemtia.com\/?s={search_term_string}\"},\"query-input\":{\"@type\":\"PropertyValueSpecification\",\"valueRequired\":true,\"valueName\":\"search_term_string\"}}],\"inLanguage\":\"es\"},{\"@type\":\"Organization\",\"@id\":\"https:\/\/www.aemtia.com\/#organization\",\"name\":\"Aemtia Assessors S.L.\",\"url\":\"https:\/\/www.aemtia.com\/\",\"logo\":{\"@type\":\"ImageObject\",\"inLanguage\":\"es\",\"@id\":\"https:\/\/www.aemtia.com\/#\/schema\/logo\/image\/\",\"url\":\"https:\/\/www.aemtia.com\/wp-content\/uploads\/2022\/04\/Paquet-logotips-AEMTIA_logo-web.png\",\"contentUrl\":\"https:\/\/www.aemtia.com\/wp-content\/uploads\/2022\/04\/Paquet-logotips-AEMTIA_logo-web.png\",\"width\":2000,\"height\":1000,\"caption\":\"Aemtia Assessors S.L.\"},\"image\":{\"@id\":\"https:\/\/www.aemtia.com\/#\/schema\/logo\/image\/\"}}]}<\/script>\n<!-- \/ Yoast SEO plugin. -->","yoast_head_json":{"title":"certificado digital de comunidad de bienes - Aemtia Assessors","description":"Consigue tu certificado digital de comunidad de bienes. Realiza tr\u00e1mites en l\u00ednea con las administraciones p\u00fablicas desde casa.","robots":{"index":"index","follow":"follow","max-snippet":"max-snippet:-1","max-image-preview":"max-image-preview:large","max-video-preview":"max-video-preview:-1"},"canonical":"https:\/\/www.aemtia.com\/es\/tramites-online\/certificado-digital-de-comunidad-de-bienes\/","og_locale":"es_ES","og_type":"article","og_title":"certificado digital de comunidad de bienes - Aemtia Assessors","og_description":"Consigue tu certificado digital de comunidad de bienes. Realiza tr\u00e1mites en l\u00ednea con las administraciones p\u00fablicas desde casa.","og_url":"https:\/\/www.aemtia.com\/es\/tramites-online\/certificado-digital-de-comunidad-de-bienes\/","og_site_name":"Aemtia Assessors","article_modified_time":"2024-03-26T11:14:55+00:00","og_image":[{"width":1200,"height":1200,"url":"https:\/\/www.aemtia.com\/wp-content\/uploads\/2022\/05\/8.SOL\u00b7LICTUD-CERTIFICAT-DIGITAL-COMUNITAT-DE-BENS.jpg","type":"image\/jpeg"}],"twitter_card":"summary_large_image","twitter_misc":{"Tiempo de lectura":"1 minuto"},"schema":{"@context":"https:\/\/schema.org","@graph":[{"@type":"WebPage","@id":"https:\/\/www.aemtia.com\/es\/tramites-online\/certificado-digital-de-comunidad-de-bienes\/","url":"https:\/\/www.aemtia.com\/es\/tramites-online\/certificado-digital-de-comunidad-de-bienes\/","name":"certificado digital de comunidad de bienes - Aemtia Assessors","isPartOf":{"@id":"https:\/\/www.aemtia.com\/#website"},"primaryImageOfPage":{"@id":"https:\/\/www.aemtia.com\/es\/tramites-online\/certificado-digital-de-comunidad-de-bienes\/#primaryimage"},"image":{"@id":"https:\/\/www.aemtia.com\/es\/tramites-online\/certificado-digital-de-comunidad-de-bienes\/#primaryimage"},"thumbnailUrl":"https:\/\/www.aemtia.com\/wp-content\/uploads\/2022\/05\/8.SOL\u00b7LICTUD-CERTIFICAT-DIGITAL-COMUNITAT-DE-BENS.jpg","datePublished":"2022-07-05T09:03:08+00:00","dateModified":"2024-03-26T11:14:55+00:00","description":"Consigue tu certificado digital de comunidad de bienes. Realiza tr\u00e1mites en l\u00ednea con las administraciones p\u00fablicas desde casa.","breadcrumb":{"@id":"https:\/\/www.aemtia.com\/es\/tramites-online\/certificado-digital-de-comunidad-de-bienes\/#breadcrumb"},"inLanguage":"es","potentialAction":[{"@type":"ReadAction","target":["https:\/\/www.aemtia.com\/es\/tramites-online\/certificado-digital-de-comunidad-de-bienes\/"]}]},{"@type":"ImageObject","inLanguage":"es","@id":"https:\/\/www.aemtia.com\/es\/tramites-online\/certificado-digital-de-comunidad-de-bienes\/#primaryimage","url":"https:\/\/www.aemtia.com\/wp-content\/uploads\/2022\/05\/8.SOL\u00b7LICTUD-CERTIFICAT-DIGITAL-COMUNITAT-DE-BENS.jpg","contentUrl":"https:\/\/www.aemtia.com\/wp-content\/uploads\/2022\/05\/8.SOL\u00b7LICTUD-CERTIFICAT-DIGITAL-COMUNITAT-DE-BENS.jpg","width":1200,"height":1200,"caption":"administra tr\u00e1mites en el m\u00f3vil certificado digital comunidad de bienes"},{"@type":"BreadcrumbList","@id":"https:\/\/www.aemtia.com\/es\/tramites-online\/certificado-digital-de-comunidad-de-bienes\/#breadcrumb","itemListElement":[{"@type":"ListItem","position":1,"name":"Inici","item":"https:\/\/www.aemtia.com\/es\/"},{"@type":"ListItem","position":2,"name":"Tr\u00e1mites Online","item":"https:\/\/www.aemtia.com\/es\/tramites-online\/"},{"@type":"ListItem","position":3,"name":"Certificado digital de comunidad de bienes y sociedades civiles"}]},{"@type":"WebSite","@id":"https:\/\/www.aemtia.com\/#website","url":"https:\/\/www.aemtia.com\/","name":"Aemtia Assessors","description":"Asesores en el \u00e1mbito empresarial, profesional y personal","publisher":{"@id":"https:\/\/www.aemtia.com\/#organization"},"potentialAction":[{"@type":"SearchAction","target":{"@type":"EntryPoint","urlTemplate":"https:\/\/www.aemtia.com\/?s={search_term_string}"},"query-input":{"@type":"PropertyValueSpecification","valueRequired":true,"valueName":"search_term_string"}}],"inLanguage":"es"},{"@type":"Organization","@id":"https:\/\/www.aemtia.com\/#organization","name":"Aemtia Assessors S.L.","url":"https:\/\/www.aemtia.com\/","logo":{"@type":"ImageObject","inLanguage":"es","@id":"https:\/\/www.aemtia.com\/#\/schema\/logo\/image\/","url":"https:\/\/www.aemtia.com\/wp-content\/uploads\/2022\/04\/Paquet-logotips-AEMTIA_logo-web.png","contentUrl":"https:\/\/www.aemtia.com\/wp-content\/uploads\/2022\/04\/Paquet-logotips-AEMTIA_logo-web.png","width":2000,"height":1000,"caption":"Aemtia Assessors S.L."},"image":{"@id":"https:\/\/www.aemtia.com\/#\/schema\/logo\/image\/"}}]}},"acf":[],"_links":{"self":[{"href":"https:\/\/www.aemtia.com\/es\/wp-json\/wp\/v2\/product\/3458","targetHints":{"allow":["GET"]}}],"collection":[{"href":"https:\/\/www.aemtia.com\/es\/wp-json\/wp\/v2\/product"}],"about":[{"href":"https:\/\/www.aemtia.com\/es\/wp-json\/wp\/v2\/types\/product"}],"wp:featuredmedia":[{"embeddable":true,"href":"https:\/\/www.aemtia.com\/es\/wp-json\/wp\/v2\/media\/1829"}],"wp:attachment":[{"href":"https:\/\/www.aemtia.com\/es\/wp-json\/wp\/v2\/media?parent=3458"}],"wp:term":[{"taxonomy":"product_brand","embeddable":true,"href":"https:\/\/www.aemtia.com\/es\/wp-json\/wp\/v2\/product_brand?post=3458"},{"taxonomy":"product_cat","embeddable":true,"href":"https:\/\/www.aemtia.com\/es\/wp-json\/wp\/v2\/product_cat?post=3458"},{"taxonomy":"product_tag","embeddable":true,"href":"https:\/\/www.aemtia.com\/es\/wp-json\/wp\/v2\/product_tag?post=3458"}],"curies":[{"name":"wp","href":"https:\/\/api.w.org\/{rel}","templated":true}]}}