{"id":7473,"date":"2022-11-30T09:11:34","date_gmt":"2022-11-30T08:11:34","guid":{"rendered":"https:\/\/www.aemtia.com\/?page_id=7473"},"modified":"2024-02-07T10:46:55","modified_gmt":"2024-02-07T09:46:55","slug":"asesoria-subvenciones-y-ayudas","status":"publish","type":"page","link":"https:\/\/www.aemtia.com\/es\/asesoria-subvenciones-y-ayudas\/","title":{"rendered":"Subvenciones"},"content":{"rendered":"\n<div class=\"wp-block-cover alignfull is-light has-lg-padding-top\"><span aria-hidden=\"true\" class=\"wp-block-cover__background has-custom-2-background-color has-background-dim-100 has-background-dim\"><\/span><div class=\"wp-block-cover__inner-container is-layout-flow wp-block-cover-is-layout-flow\">\n<div class=\"wp-block-columns are-vertically-aligned-top is-layout-flex wp-container-core-columns-is-layout-9d6595d7 wp-block-columns-is-layout-flex\">\n<div class=\"wp-block-column is-vertically-aligned-top is-layout-flow wp-block-column-is-layout-flow\">\n<h2 class=\"wp-block-heading has-alt-color has-text-color\" data-aos=\"flip-down\" data-aos-duration=\"500\">Asesoria Subvenciones<\/h2>\n\n\n\n<h4 class=\"wp-block-heading has-alt-color has-text-color\" data-aos=\"flip-down\" data-aos-duration=\"500\"><strong>Te mantenemos informado de las ayudas actuales.<\/strong><\/h4>\n\n\n\n<p data-aos=\"fade\" data-aos-duration=\"500\">Pide informaci\u00f3n para saber si cumples con los requisitos necesarios y tramitaremos tu solicitud, con toda la documentaci\u00f3n y dentro de los plazos establecidos.<\/p>\n\n\n\n<div class=\"wp-block-buttons is-layout-flex wp-block-buttons-is-layout-flex\">\n<div class=\"wp-block-button\" data-aos=\"flip-down\" data-aos-duration=\"500\"><a class=\"wp-block-button__link button wp-element-button\" href=\"#subvencions\">Ver convocatorias abiertas<\/a><\/div>\n<\/div>\n<\/div>\n\n\n\n<div class=\"wp-block-column is-vertically-aligned-top is-layout-flow wp-block-column-is-layout-flow\"><div class=\"wp-block-image\">\n<figure class=\"alignright size-large has-no-margin-bottom\" data-aos=\"fade-up\" data-aos-duration=\"500\"><img loading=\"lazy\" decoding=\"async\" width=\"1024\" height=\"838\" src=\"https:\/\/www.aemtia.com\/wp-content\/uploads\/2022\/11\/subvencions_Mesa-de-trabajo-1-3-1024x838.png\" alt=\"Icono de asesoria subvesnciones y ayudas\" class=\"wp-image-7386\" title=\"asesoria subvesnciones y ayudas\" srcset=\"https:\/\/www.aemtia.com\/wp-content\/uploads\/2022\/11\/subvencions_Mesa-de-trabajo-1-3-300x246.png 300w, https:\/\/www.aemtia.com\/wp-content\/uploads\/2022\/11\/subvencions_Mesa-de-trabajo-1-3-600x491.png 600w, https:\/\/www.aemtia.com\/wp-content\/uploads\/2022\/11\/subvencions_Mesa-de-trabajo-1-3-768x628.png 768w, https:\/\/www.aemtia.com\/wp-content\/uploads\/2022\/11\/subvencions_Mesa-de-trabajo-1-3-1024x838.png 1024w, https:\/\/www.aemtia.com\/wp-content\/uploads\/2022\/11\/subvencions_Mesa-de-trabajo-1-3.png 1200w\" sizes=\"auto, (max-width: 1024px) 100vw, 1024px\" \/><\/figure><\/div><\/div>\n<\/div>\n<\/div><\/div>\n\n\n\n<div class=\"wp-block-cover alignfull has-md-padding-top has-md-padding-bottom\" data-aos=\"fade-up\" data-aos-duration=\"500\"><span aria-hidden=\"true\" class=\"wp-block-cover__background has-alt-background-color has-background-dim-100 has-background-dim\"><\/span><div class=\"wp-block-cover__inner-container is-layout-flow wp-block-cover-is-layout-flow\">\n<h2 class=\"wp-block-heading has-text-align-left has-secondary-color has-text-color has-large-font-size\" id=\"subvenciones\" data-aos=\"flip-down\" data-aos-duration=\"500\">Pide tu subvenci\u00f3n<\/h2>\n<\/div><\/div>\n\n\n\n<div class=\"wp-block-cover alignfull is-light has-lg-padding-top has-lg-padding-bottom\"><span aria-hidden=\"true\" class=\"wp-block-cover__background has-white-background-color has-background-dim-100 has-background-dim\"><\/span><div class=\"wp-block-cover__inner-container is-layout-flow wp-block-cover-is-layout-flow\">\n<div class=\"wp-block-group\"><div class=\"wp-block-group__inner-container is-layout-constrained wp-block-group-is-layout-constrained\">\n<h3 class=\"wp-block-heading\" data-aos=\"flip-down\" data-aos-duration=\"500\"><strong>Subvenciones para la contrataci\u00f3n laboral de personas de 30 y m\u00e1s a\u00f1os&nbsp;<\/strong><\/h3>\n\n\n\n<div style=\"height:20px\" aria-hidden=\"true\" class=\"wp-block-spacer\"><\/div>\n\n\n<div class=\"mai-columns\"><div class=\"mai-columns-wrap has-columns\" style=\"--column-gap:var(--spacing-xl);--row-gap:var(--spacing-xl);--align-columns:start;--align-columns-vertical:initial;\">\n<div class=\"mai-column is-column\" style=\"--columns-xs:1\/1;--flex-xs:0 0 var(--flex-basis);--columns-sm:1\/2;--flex-sm:0 0 var(--flex-basis);--columns-md:1\/2;--flex-md:0 0 var(--flex-basis);--columns-lg:1\/2;--flex-lg:0 0 var(--flex-basis);--justify-content:start;\">\n\n<p data-aos=\"fade\" data-aos-duration=\"500\">\u00abEsta actuaci\u00f3n est\u00e1 impulsada y subvencionada por el Servicio P\u00fablico de Empleo de Catalu\u00f1a y financiada al 100% por el Fondo Social Europeo como parte de la respuesta de la Uni\u00f3n Europea a la pandemia de COVID-19\u00bb.<\/p>\n\n\n\n<div class=\"wp-block-buttons is-layout-flex wp-block-buttons-is-layout-flex\">\n<div class=\"wp-block-button\" data-aos=\"flip-down\" data-aos-duration=\"500\"><a class=\"wp-block-button__link button wp-element-button\" href=\"\/contacto\">Pide informaci\u00f3n<\/a><\/div>\n<\/div>\n\n<\/div>\n\n<div data-aos-duration=\"500\" data-aos=\"fade-up\" class=\"mai-column is-column\" style=\"--columns-xs:1\/1;--flex-xs:0 0 var(--flex-basis);--columns-sm:1\/2;--flex-sm:0 0 var(--flex-basis);--columns-md:1\/2;--flex-md:0 0 var(--flex-basis);--columns-lg:1\/2;--flex-lg:0 0 var(--flex-basis);--justify-content:start;\">\n\n<figure class=\"wp-block-image size-full\"><img loading=\"lazy\" decoding=\"async\" width=\"925\" height=\"163\" src=\"https:\/\/www.aemtia.com\/wp-content\/uploads\/2022\/11\/soc_2l.jpg\" alt=\"Logo de subvenciones SOC asesoria\" class=\"wp-image-7357\" title=\"subvenciones SOC asesor\u00eda\" srcset=\"https:\/\/www.aemtia.com\/wp-content\/uploads\/2022\/11\/soc_2l-300x53.jpg 300w, https:\/\/www.aemtia.com\/wp-content\/uploads\/2022\/11\/soc_2l-600x106.jpg 600w, https:\/\/www.aemtia.com\/wp-content\/uploads\/2022\/11\/soc_2l-768x135.jpg 768w, https:\/\/www.aemtia.com\/wp-content\/uploads\/2022\/11\/soc_2l.jpg 925w\" sizes=\"auto, (max-width: 925px) 100vw, 925px\" \/><\/figure>\n\n\n\n<div class=\"wp-block-columns is-layout-flex wp-container-core-columns-is-layout-9d6595d7 wp-block-columns-is-layout-flex\">\n<div class=\"wp-block-column is-layout-flow wp-block-column-is-layout-flow\">\n<figure class=\"wp-block-image size-large\"><img decoding=\"async\" src=\"https:\/\/www.aemtia.com\/wp-content\/uploads\/2022\/11\/FinancatUE_lateral-1024x263.png\" alt=\"\" class=\"wp-image-7360\"\/><\/figure>\n<\/div>\n\n\n\n<div class=\"wp-block-column is-layout-flow wp-block-column-is-layout-flow\">\n<figure class=\"wp-block-image size-large\"><img decoding=\"async\" src=\"https:\/\/www.aemtia.com\/wp-content\/uploads\/2022\/11\/NextGenerationCatalunya-1024x271.png\" alt=\"\" class=\"wp-image-7366\"\/><\/figure>\n<\/div>\n\n\n\n<div class=\"wp-block-column is-layout-flow wp-block-column-is-layout-flow\">\n<figure class=\"wp-block-image size-large\"><img decoding=\"async\" src=\"https:\/\/www.aemtia.com\/wp-content\/uploads\/2022\/11\/Generalitat-de-Catalunya_horizontal-1024x263.jpg\" alt=\"\" class=\"wp-image-7363\"\/><\/figure>\n<\/div>\n<\/div>\n\n<\/div>\n<\/div><\/div><\/div><\/div>\n\n\n\n<div style=\"height:70px\" aria-hidden=\"true\" class=\"wp-block-spacer\"><\/div>\n\n\n\n<div class=\"wp-block-group\"><div class=\"wp-block-group__inner-container is-layout-constrained wp-block-group-is-layout-constrained\">\n<h3 class=\"wp-block-heading\" data-aos=\"flip-down\" data-aos-duration=\"500\"><strong>Kit Digital<\/strong><\/h3>\n\n\n\n<div style=\"height:20px\" aria-hidden=\"true\" class=\"wp-block-spacer\"><\/div>\n\n\n<div class=\"mai-columns\"><div class=\"mai-columns-wrap has-columns\" style=\"--column-gap:var(--spacing-xl);--row-gap:var(--spacing-xl);--align-columns:start;--align-columns-vertical:initial;\">\n<div class=\"mai-column is-column\" style=\"--columns-xs:1\/1;--flex-xs:0 0 var(--flex-basis);--columns-sm:1\/2;--flex-sm:0 0 var(--flex-basis);--columns-md:1\/2;--flex-md:0 0 var(--flex-basis);--columns-lg:1\/2;--flex-lg:0 0 var(--flex-basis);--justify-content:start;\">\n\n<div class=\"wp-block-group\" data-aos=\"fade-up\" data-aos-duration=\"500\"><div class=\"wp-block-group__inner-container is-layout-constrained wp-block-group-is-layout-constrained\">\n<p>Ayudas para la digitalizaci\u00f3n de empresas con los fondos Next Generation.<\/p>\n\n\n\n<p>I Convocatoria &#8211; Empresas de 10 a 50 empleados<\/p>\n\n\n\n<p>II Convocatoria &#8211; Empresas de 3 a 9 empleados<\/p>\n\n\n\n<p>III Convocatoria &#8211; Empresas de 0 a 2 empleados<\/p>\n<\/div><\/div>\n\n\n\n<div class=\"wp-block-buttons is-layout-flex wp-block-buttons-is-layout-flex\">\n<div class=\"wp-block-button\" data-aos=\"flip-down\" data-aos-duration=\"500\"><a class=\"wp-block-button__link button wp-element-button\" href=\"\/contacte\">Pide informaci\u00f3n<\/a><\/div>\n<\/div>\n\n<\/div>\n\n<div data-aos-duration=\"500\" data-aos=\"fade-up\" class=\"mai-column is-column\" style=\"--columns-xs:1\/1;--flex-xs:0 0 var(--flex-basis);--columns-sm:1\/2;--flex-sm:0 0 var(--flex-basis);--columns-md:1\/2;--flex-md:0 0 var(--flex-basis);--columns-lg:1\/2;--flex-lg:0 0 var(--flex-basis);--justify-content:start;\">\n\n<figure class=\"wp-block-image size-large\"><img loading=\"lazy\" decoding=\"async\" width=\"1024\" height=\"281\" src=\"https:\/\/www.aemtia.com\/wp-content\/uploads\/2022\/11\/logo-kit-digital-1024x281.png\" alt=\"Logo de Subvenciones y ayudas kit digital asesor\u00eda\" class=\"wp-image-7393\" title=\"Subvenciones y ayudas kit digital asesor\u00eda\" srcset=\"https:\/\/www.aemtia.com\/wp-content\/uploads\/2022\/11\/logo-kit-digital-300x82.png 300w, https:\/\/www.aemtia.com\/wp-content\/uploads\/2022\/11\/logo-kit-digital-600x165.png 600w, https:\/\/www.aemtia.com\/wp-content\/uploads\/2022\/11\/logo-kit-digital-768x211.png 768w, https:\/\/www.aemtia.com\/wp-content\/uploads\/2022\/11\/logo-kit-digital-1024x281.png 1024w, https:\/\/www.aemtia.com\/wp-content\/uploads\/2022\/11\/logo-kit-digital-1536x422.png 1536w, https:\/\/www.aemtia.com\/wp-content\/uploads\/2022\/11\/logo-kit-digital-2048x562.png 2048w\" sizes=\"auto, (max-width: 1024px) 100vw, 1024px\" \/><\/figure>\n\n\n\n<div class=\"wp-block-columns is-layout-flex wp-container-core-columns-is-layout-9d6595d7 wp-block-columns-is-layout-flex\">\n<div class=\"wp-block-column is-layout-flow wp-block-column-is-layout-flow\">\n<figure class=\"wp-block-image size-large\"><img decoding=\"async\" src=\"https:\/\/www.aemtia.com\/wp-content\/uploads\/2022\/11\/FinancatUE_lateral-1024x263.png\" alt=\"\" class=\"wp-image-7360\"\/><\/figure>\n<\/div>\n\n\n\n<div class=\"wp-block-column is-layout-flow wp-block-column-is-layout-flow\">\n<figure class=\"wp-block-image size-large\"><img decoding=\"async\" src=\"https:\/\/www.aemtia.com\/wp-content\/uploads\/2022\/11\/NextGenerationCatalunya-1024x271.png\" alt=\"\" class=\"wp-image-7366\"\/><\/figure>\n<\/div>\n\n\n\n<div class=\"wp-block-column is-layout-flow wp-block-column-is-layout-flow\">\n<figure class=\"wp-block-image size-large\"><img decoding=\"async\" src=\"https:\/\/www.aemtia.com\/wp-content\/uploads\/2022\/11\/Generalitat-de-Catalunya_horizontal-1024x263.jpg\" alt=\"\" class=\"wp-image-7363\"\/><\/figure>\n<\/div>\n<\/div>\n\n<\/div>\n<\/div><\/div><\/div><\/div>\n<\/div><\/div>\n","protected":false},"excerpt":{"rendered":"","protected":false},"author":4,"featured_media":0,"parent":0,"menu_order":0,"comment_status":"closed","ping_status":"closed","template":"","meta":{"_acf_changed":false,"_gspb_post_css":"","_genesis_hide_title":false,"_genesis_hide_breadcrumbs":false,"_genesis_hide_singular_image":false,"_genesis_hide_footer_widgets":false,"_genesis_custom_body_class":"","_genesis_custom_post_class":"","_genesis_layout":"","footnotes":""},"class_list":{"1":"page","2":"type-page","5":"entry"},"yoast_head":"<!-- This site is optimized with the Yoast SEO plugin v26.1.1 - https:\/\/yoast.com\/wordpress\/plugins\/seo\/ -->\n<title>Subvenciones - Aemtia Assessors<\/title>\n<meta name=\"description\" content=\"Servicio de informaci\u00f3n y tramitaci\u00f3n de subvenciones y ayudas con convocatoria abierta actualmente. P\u00eddela ya y no te quedes sin.\" \/>\n<meta name=\"robots\" content=\"index, follow, max-snippet:-1, max-image-preview:large, max-video-preview:-1\" \/>\n<link rel=\"canonical\" href=\"https:\/\/www.aemtia.com\/es\/asesoria-subvenciones-y-ayudas\/\" \/>\n<meta property=\"og:locale\" content=\"es_ES\" \/>\n<meta property=\"og:type\" content=\"article\" \/>\n<meta property=\"og:title\" content=\"Subvenciones - Aemtia Assessors\" \/>\n<meta property=\"og:description\" content=\"Servicio de informaci\u00f3n y tramitaci\u00f3n de subvenciones y ayudas con convocatoria abierta actualmente. P\u00eddela ya y no te quedes sin.\" \/>\n<meta property=\"og:url\" content=\"https:\/\/www.aemtia.com\/es\/asesoria-subvenciones-y-ayudas\/\" \/>\n<meta property=\"og:site_name\" content=\"Aemtia Assessors\" \/>\n<meta property=\"article:modified_time\" content=\"2024-02-07T09:46:55+00:00\" \/>\n<meta property=\"og:image\" content=\"https:\/\/www.aemtia.com\/wp-content\/uploads\/2022\/11\/subvencions_Mesa-de-trabajo-1-3-1024x838.png\" \/>\n<meta name=\"twitter:card\" content=\"summary_large_image\" \/>\n<meta name=\"twitter:label1\" content=\"Tiempo de lectura\" \/>\n\t<meta name=\"twitter:data1\" content=\"1 minuto\" \/>\n<script type=\"application\/ld+json\" class=\"yoast-schema-graph\">{\"@context\":\"https:\/\/schema.org\",\"@graph\":[{\"@type\":\"WebPage\",\"@id\":\"https:\/\/www.aemtia.com\/es\/asesoria-subvenciones-y-ayudas\/\",\"url\":\"https:\/\/www.aemtia.com\/es\/asesoria-subvenciones-y-ayudas\/\",\"name\":\"Subvenciones - Aemtia Assessors\",\"isPartOf\":{\"@id\":\"https:\/\/www.aemtia.com\/#website\"},\"primaryImageOfPage\":{\"@id\":\"https:\/\/www.aemtia.com\/es\/asesoria-subvenciones-y-ayudas\/#primaryimage\"},\"image\":{\"@id\":\"https:\/\/www.aemtia.com\/es\/asesoria-subvenciones-y-ayudas\/#primaryimage\"},\"thumbnailUrl\":\"https:\/\/www.aemtia.com\/wp-content\/uploads\/2022\/11\/subvencions_Mesa-de-trabajo-1-3-1024x838.png\",\"datePublished\":\"2022-11-30T08:11:34+00:00\",\"dateModified\":\"2024-02-07T09:46:55+00:00\",\"description\":\"Servicio de informaci\u00f3n y tramitaci\u00f3n de subvenciones y ayudas con convocatoria abierta actualmente. P\u00eddela ya y no te quedes sin.\",\"breadcrumb\":{\"@id\":\"https:\/\/www.aemtia.com\/es\/asesoria-subvenciones-y-ayudas\/#breadcrumb\"},\"inLanguage\":\"es\",\"potentialAction\":[{\"@type\":\"ReadAction\",\"target\":[\"https:\/\/www.aemtia.com\/es\/asesoria-subvenciones-y-ayudas\/\"]}]},{\"@type\":\"ImageObject\",\"inLanguage\":\"es\",\"@id\":\"https:\/\/www.aemtia.com\/es\/asesoria-subvenciones-y-ayudas\/#primaryimage\",\"url\":\"https:\/\/www.aemtia.com\/wp-content\/uploads\/2022\/11\/subvencions_Mesa-de-trabajo-1-3-1024x838.png\",\"contentUrl\":\"https:\/\/www.aemtia.com\/wp-content\/uploads\/2022\/11\/subvencions_Mesa-de-trabajo-1-3-1024x838.png\"},{\"@type\":\"BreadcrumbList\",\"@id\":\"https:\/\/www.aemtia.com\/es\/asesoria-subvenciones-y-ayudas\/#breadcrumb\",\"itemListElement\":[{\"@type\":\"ListItem\",\"position\":1,\"name\":\"Inici\",\"item\":\"https:\/\/www.aemtia.com\/es\/\"},{\"@type\":\"ListItem\",\"position\":2,\"name\":\"Subvenciones\"}]},{\"@type\":\"WebSite\",\"@id\":\"https:\/\/www.aemtia.com\/#website\",\"url\":\"https:\/\/www.aemtia.com\/\",\"name\":\"Aemtia Assessors\",\"description\":\"Asesores en el \u00e1mbito empresarial, profesional y personal\",\"publisher\":{\"@id\":\"https:\/\/www.aemtia.com\/#organization\"},\"potentialAction\":[{\"@type\":\"SearchAction\",\"target\":{\"@type\":\"EntryPoint\",\"urlTemplate\":\"https:\/\/www.aemtia.com\/?s={search_term_string}\"},\"query-input\":{\"@type\":\"PropertyValueSpecification\",\"valueRequired\":true,\"valueName\":\"search_term_string\"}}],\"inLanguage\":\"es\"},{\"@type\":\"Organization\",\"@id\":\"https:\/\/www.aemtia.com\/#organization\",\"name\":\"Aemtia Assessors S.L.\",\"url\":\"https:\/\/www.aemtia.com\/\",\"logo\":{\"@type\":\"ImageObject\",\"inLanguage\":\"es\",\"@id\":\"https:\/\/www.aemtia.com\/#\/schema\/logo\/image\/\",\"url\":\"https:\/\/www.aemtia.com\/wp-content\/uploads\/2022\/04\/Paquet-logotips-AEMTIA_logo-web.png\",\"contentUrl\":\"https:\/\/www.aemtia.com\/wp-content\/uploads\/2022\/04\/Paquet-logotips-AEMTIA_logo-web.png\",\"width\":2000,\"height\":1000,\"caption\":\"Aemtia Assessors S.L.\"},\"image\":{\"@id\":\"https:\/\/www.aemtia.com\/#\/schema\/logo\/image\/\"}}]}<\/script>\n<!-- \/ Yoast SEO plugin. -->","yoast_head_json":{"title":"Subvenciones - Aemtia Assessors","description":"Servicio de informaci\u00f3n y tramitaci\u00f3n de subvenciones y ayudas con convocatoria abierta actualmente. P\u00eddela ya y no te quedes sin.","robots":{"index":"index","follow":"follow","max-snippet":"max-snippet:-1","max-image-preview":"max-image-preview:large","max-video-preview":"max-video-preview:-1"},"canonical":"https:\/\/www.aemtia.com\/es\/asesoria-subvenciones-y-ayudas\/","og_locale":"es_ES","og_type":"article","og_title":"Subvenciones - Aemtia Assessors","og_description":"Servicio de informaci\u00f3n y tramitaci\u00f3n de subvenciones y ayudas con convocatoria abierta actualmente. P\u00eddela ya y no te quedes sin.","og_url":"https:\/\/www.aemtia.com\/es\/asesoria-subvenciones-y-ayudas\/","og_site_name":"Aemtia Assessors","article_modified_time":"2024-02-07T09:46:55+00:00","og_image":[{"url":"https:\/\/www.aemtia.com\/wp-content\/uploads\/2022\/11\/subvencions_Mesa-de-trabajo-1-3-1024x838.png","type":"","width":"","height":""}],"twitter_card":"summary_large_image","twitter_misc":{"Tiempo de lectura":"1 minuto"},"schema":{"@context":"https:\/\/schema.org","@graph":[{"@type":"WebPage","@id":"https:\/\/www.aemtia.com\/es\/asesoria-subvenciones-y-ayudas\/","url":"https:\/\/www.aemtia.com\/es\/asesoria-subvenciones-y-ayudas\/","name":"Subvenciones - Aemtia Assessors","isPartOf":{"@id":"https:\/\/www.aemtia.com\/#website"},"primaryImageOfPage":{"@id":"https:\/\/www.aemtia.com\/es\/asesoria-subvenciones-y-ayudas\/#primaryimage"},"image":{"@id":"https:\/\/www.aemtia.com\/es\/asesoria-subvenciones-y-ayudas\/#primaryimage"},"thumbnailUrl":"https:\/\/www.aemtia.com\/wp-content\/uploads\/2022\/11\/subvencions_Mesa-de-trabajo-1-3-1024x838.png","datePublished":"2022-11-30T08:11:34+00:00","dateModified":"2024-02-07T09:46:55+00:00","description":"Servicio de informaci\u00f3n y tramitaci\u00f3n de subvenciones y ayudas con convocatoria abierta actualmente. P\u00eddela ya y no te quedes sin.","breadcrumb":{"@id":"https:\/\/www.aemtia.com\/es\/asesoria-subvenciones-y-ayudas\/#breadcrumb"},"inLanguage":"es","potentialAction":[{"@type":"ReadAction","target":["https:\/\/www.aemtia.com\/es\/asesoria-subvenciones-y-ayudas\/"]}]},{"@type":"ImageObject","inLanguage":"es","@id":"https:\/\/www.aemtia.com\/es\/asesoria-subvenciones-y-ayudas\/#primaryimage","url":"https:\/\/www.aemtia.com\/wp-content\/uploads\/2022\/11\/subvencions_Mesa-de-trabajo-1-3-1024x838.png","contentUrl":"https:\/\/www.aemtia.com\/wp-content\/uploads\/2022\/11\/subvencions_Mesa-de-trabajo-1-3-1024x838.png"},{"@type":"BreadcrumbList","@id":"https:\/\/www.aemtia.com\/es\/asesoria-subvenciones-y-ayudas\/#breadcrumb","itemListElement":[{"@type":"ListItem","position":1,"name":"Inici","item":"https:\/\/www.aemtia.com\/es\/"},{"@type":"ListItem","position":2,"name":"Subvenciones"}]},{"@type":"WebSite","@id":"https:\/\/www.aemtia.com\/#website","url":"https:\/\/www.aemtia.com\/","name":"Aemtia Assessors","description":"Asesores en el \u00e1mbito empresarial, profesional y personal","publisher":{"@id":"https:\/\/www.aemtia.com\/#organization"},"potentialAction":[{"@type":"SearchAction","target":{"@type":"EntryPoint","urlTemplate":"https:\/\/www.aemtia.com\/?s={search_term_string}"},"query-input":{"@type":"PropertyValueSpecification","valueRequired":true,"valueName":"search_term_string"}}],"inLanguage":"es"},{"@type":"Organization","@id":"https:\/\/www.aemtia.com\/#organization","name":"Aemtia Assessors S.L.","url":"https:\/\/www.aemtia.com\/","logo":{"@type":"ImageObject","inLanguage":"es","@id":"https:\/\/www.aemtia.com\/#\/schema\/logo\/image\/","url":"https:\/\/www.aemtia.com\/wp-content\/uploads\/2022\/04\/Paquet-logotips-AEMTIA_logo-web.png","contentUrl":"https:\/\/www.aemtia.com\/wp-content\/uploads\/2022\/04\/Paquet-logotips-AEMTIA_logo-web.png","width":2000,"height":1000,"caption":"Aemtia Assessors S.L."},"image":{"@id":"https:\/\/www.aemtia.com\/#\/schema\/logo\/image\/"}}]}},"acf":[],"_links":{"self":[{"href":"https:\/\/www.aemtia.com\/es\/wp-json\/wp\/v2\/pages\/7473","targetHints":{"allow":["GET"]}}],"collection":[{"href":"https:\/\/www.aemtia.com\/es\/wp-json\/wp\/v2\/pages"}],"about":[{"href":"https:\/\/www.aemtia.com\/es\/wp-json\/wp\/v2\/types\/page"}],"author":[{"embeddable":true,"href":"https:\/\/www.aemtia.com\/es\/wp-json\/wp\/v2\/users\/4"}],"replies":[{"embeddable":true,"href":"https:\/\/www.aemtia.com\/es\/wp-json\/wp\/v2\/comments?post=7473"}],"version-history":[{"count":4,"href":"https:\/\/www.aemtia.com\/es\/wp-json\/wp\/v2\/pages\/7473\/revisions"}],"predecessor-version":[{"id":11202,"href":"https:\/\/www.aemtia.com\/es\/wp-json\/wp\/v2\/pages\/7473\/revisions\/11202"}],"wp:attachment":[{"href":"https:\/\/www.aemtia.com\/es\/wp-json\/wp\/v2\/media?parent=7473"}],"curies":[{"name":"wp","href":"https:\/\/api.w.org\/{rel}","templated":true}]}}