{"id":2400,"date":"2022-05-10T13:55:32","date_gmt":"2022-05-10T11:55:32","guid":{"rendered":"https:\/\/www.aemtia.com\/credits\/"},"modified":"2022-07-18T10:57:44","modified_gmt":"2022-07-18T08:57:44","slug":"creditos","status":"publish","type":"page","link":"https:\/\/www.aemtia.com\/es\/creditos\/","title":{"rendered":"Cr\u00e9ditos"},"content":{"rendered":"\n<h1 class=\"is-style-default wp-block-heading has-xxl-margin-top\">Cr\u00e9ditos<\/h1>\n\n\n\n<p>Los vectores utilizados en esta p\u00e1gina web han sido extra\u00eddos de Freepik Company (<a href=\"http:\/\/www.freepik.es\" data-type=\"URL\" data-id=\"www.freepik.es\">www.freepik.es<\/a>) y modificados posteriormente. Se atribuye por su creaci\u00f3n original a los siguientes autores:<\/p>\n\n\n\n<p><a href=\"https:\/\/www.freepik.es\/pch-vector\">https:\/\/www.freepik.es\/pch-vector<\/a> &#8211; Vectores creados por pch.vector&nbsp;<\/p>\n\n\n\n<p><a href=\"https:\/\/www.freepik.es\/vectorjuice\">https:\/\/www.freepik.es\/vectorjuice<\/a> &#8211; Vectores creados por vectorjuice<\/p>\n\n\n\n<p><a href=\"https:\/\/www.freepik.es\/pikisuperstar\">https:\/\/www.freepik.es\/pikisuperstar<\/a> &#8211; Vectores creados por pikisuperstar&nbsp;<\/p>\n\n\n\n<p><a href=\"https:\/\/www.freepik.es\/vectores\/contacto-web\">https:\/\/www.freepik.es\/freepik<\/a> &#8211; Vectores creados por freepik<\/p>\n\n\n\n<p><a href=\"https:\/\/www.freepik.es\/jcomp\">https:\/\/www.freepik.es\/jcomp<\/a> &#8211; Vectores creados por jcomp&nbsp;<\/p>\n\n\n\n<p><a href=\"https:\/\/www.freepik.es\/redgreystock\">https:\/\/www.freepik.es\/redgreystock<\/a> &#8211; Vectores creados por redgreystock&nbsp;<\/p>\n\n\n\n<p><a href=\"https:\/\/www.freepik.es\/rawpixel-com\">https:\/\/www.freepik.es\/rawpixel-com<\/a> &#8211; Vectores creados por rawpixel.com&nbsp;<\/p>\n\n\n\n<p><a href=\"https:\/\/www.freepik.es\/alliesinteractive\">https:\/\/www.freepik.es\/alliesinteractive<\/a> &#8211; Vectores creados por alliesinteractive&nbsp;<\/p>\n\n\n\n<p><a href=\"https:\/\/www.freepik.es\/brgfx\">https:\/\/www.freepik.es\/brgfx<\/a> &#8211; Vectores creados por brgfx &nbsp;<\/p>\n\n\n\n<p><a href=\"https:\/\/www.freepik.es\/studio4rt\">https:\/\/www.freepik.es\/studio4rt<\/a> &#8211; Vectores creados por studio4rt&nbsp;<\/p>\n\n\n\n<p><a href=\"https:\/\/www.freepik.es\/macrovector\">https:\/\/www.freepik.es\/macrovector<\/a> &#8211; Vector es creados por macrovector&nbsp;<\/p>\n\n\n\n<div style=\"height:50px\" aria-hidden=\"true\" class=\"wp-block-spacer\"><\/div>\n","protected":false},"excerpt":{"rendered":"<p>Cr\u00e9ditos Los vectores utilizados en esta p\u00e1gina web han sido extra\u00eddos de Freepik Company (www.freepik.es) y modificados posteriormente. Se atribuye por su creaci\u00f3n original a los siguientes autores: https:\/\/www.freepik.es\/pch-vector &#8211; Vectores creados por pch.vector&nbsp; https:\/\/www.freepik.es\/vectorjuice &#8211; Vectores creados por vectorjuice https:\/\/www.freepik.es\/pikisuperstar &#8211; Vectores creados por pikisuperstar&nbsp; https:\/\/www.freepik.es\/freepik &#8211; Vectores creados por freepik https:\/\/www.freepik.es\/jcomp &#8211; Vectores &hellip;<\/p>\n","protected":false},"author":4,"featured_media":0,"parent":0,"menu_order":0,"comment_status":"closed","ping_status":"closed","template":"","meta":{"_acf_changed":false,"_gspb_post_css":"","_genesis_hide_title":false,"_genesis_hide_breadcrumbs":false,"_genesis_hide_singular_image":false,"_genesis_hide_footer_widgets":false,"_genesis_custom_body_class":"","_genesis_custom_post_class":"","_genesis_layout":"","footnotes":""},"class_list":{"1":"page","2":"type-page","5":"entry"},"yoast_head":"<!-- This site is optimized with the Yoast SEO plugin v26.1.1 - https:\/\/yoast.com\/wordpress\/plugins\/seo\/ -->\n<title>Cr\u00e9ditos - Aemtia Assessors<\/title>\n<meta name=\"robots\" content=\"noindex, nofollow\" \/>\n<meta property=\"og:locale\" content=\"es_ES\" \/>\n<meta property=\"og:type\" content=\"article\" \/>\n<meta property=\"og:title\" content=\"Cr\u00e9ditos - Aemtia Assessors\" \/>\n<meta property=\"og:description\" content=\"Cr\u00e9ditos Los vectores utilizados en esta p\u00e1gina web han sido extra\u00eddos de Freepik Company (www.freepik.es) y modificados posteriormente. Se atribuye por su creaci\u00f3n original a los siguientes autores: https:\/\/www.freepik.es\/pch-vector &#8211; Vectores creados por pch.vector&nbsp; https:\/\/www.freepik.es\/vectorjuice &#8211; Vectores creados por vectorjuice https:\/\/www.freepik.es\/pikisuperstar &#8211; Vectores creados por pikisuperstar&nbsp; https:\/\/www.freepik.es\/freepik &#8211; Vectores creados por freepik https:\/\/www.freepik.es\/jcomp &#8211; Vectores &hellip;\" \/>\n<meta property=\"og:url\" content=\"https:\/\/www.aemtia.com\/es\/creditos\/\" \/>\n<meta property=\"og:site_name\" content=\"Aemtia Assessors\" \/>\n<meta property=\"article:modified_time\" content=\"2022-07-18T08:57:44+00:00\" \/>\n<meta name=\"twitter:card\" content=\"summary_large_image\" \/>\n<meta name=\"twitter:label1\" content=\"Tiempo de lectura\" \/>\n\t<meta name=\"twitter:data1\" content=\"1 minuto\" \/>\n<script type=\"application\/ld+json\" class=\"yoast-schema-graph\">{\"@context\":\"https:\/\/schema.org\",\"@graph\":[{\"@type\":\"WebPage\",\"@id\":\"https:\/\/www.aemtia.com\/es\/creditos\/\",\"url\":\"https:\/\/www.aemtia.com\/es\/creditos\/\",\"name\":\"Cr\u00e9ditos - Aemtia Assessors\",\"isPartOf\":{\"@id\":\"https:\/\/www.aemtia.com\/#website\"},\"datePublished\":\"2022-05-10T11:55:32+00:00\",\"dateModified\":\"2022-07-18T08:57:44+00:00\",\"breadcrumb\":{\"@id\":\"https:\/\/www.aemtia.com\/es\/creditos\/#breadcrumb\"},\"inLanguage\":\"es\",\"potentialAction\":[{\"@type\":\"ReadAction\",\"target\":[\"https:\/\/www.aemtia.com\/es\/creditos\/\"]}]},{\"@type\":\"BreadcrumbList\",\"@id\":\"https:\/\/www.aemtia.com\/es\/creditos\/#breadcrumb\",\"itemListElement\":[{\"@type\":\"ListItem\",\"position\":1,\"name\":\"Inici\",\"item\":\"https:\/\/www.aemtia.com\/es\/\"},{\"@type\":\"ListItem\",\"position\":2,\"name\":\"Cr\u00e9ditos\"}]},{\"@type\":\"WebSite\",\"@id\":\"https:\/\/www.aemtia.com\/#website\",\"url\":\"https:\/\/www.aemtia.com\/\",\"name\":\"Aemtia Assessors\",\"description\":\"Asesores en el \u00e1mbito empresarial, profesional y personal\",\"publisher\":{\"@id\":\"https:\/\/www.aemtia.com\/#organization\"},\"potentialAction\":[{\"@type\":\"SearchAction\",\"target\":{\"@type\":\"EntryPoint\",\"urlTemplate\":\"https:\/\/www.aemtia.com\/?s={search_term_string}\"},\"query-input\":{\"@type\":\"PropertyValueSpecification\",\"valueRequired\":true,\"valueName\":\"search_term_string\"}}],\"inLanguage\":\"es\"},{\"@type\":\"Organization\",\"@id\":\"https:\/\/www.aemtia.com\/#organization\",\"name\":\"Aemtia Assessors S.L.\",\"url\":\"https:\/\/www.aemtia.com\/\",\"logo\":{\"@type\":\"ImageObject\",\"inLanguage\":\"es\",\"@id\":\"https:\/\/www.aemtia.com\/#\/schema\/logo\/image\/\",\"url\":\"https:\/\/www.aemtia.com\/wp-content\/uploads\/2022\/04\/Paquet-logotips-AEMTIA_logo-web.png\",\"contentUrl\":\"https:\/\/www.aemtia.com\/wp-content\/uploads\/2022\/04\/Paquet-logotips-AEMTIA_logo-web.png\",\"width\":2000,\"height\":1000,\"caption\":\"Aemtia Assessors S.L.\"},\"image\":{\"@id\":\"https:\/\/www.aemtia.com\/#\/schema\/logo\/image\/\"}}]}<\/script>\n<!-- \/ Yoast SEO plugin. -->","yoast_head_json":{"title":"Cr\u00e9ditos - Aemtia Assessors","robots":{"index":"noindex","follow":"nofollow"},"og_locale":"es_ES","og_type":"article","og_title":"Cr\u00e9ditos - Aemtia Assessors","og_description":"Cr\u00e9ditos Los vectores utilizados en esta p\u00e1gina web han sido extra\u00eddos de Freepik Company (www.freepik.es) y modificados posteriormente. Se atribuye por su creaci\u00f3n original a los siguientes autores: https:\/\/www.freepik.es\/pch-vector &#8211; Vectores creados por pch.vector&nbsp; https:\/\/www.freepik.es\/vectorjuice &#8211; Vectores creados por vectorjuice https:\/\/www.freepik.es\/pikisuperstar &#8211; Vectores creados por pikisuperstar&nbsp; https:\/\/www.freepik.es\/freepik &#8211; Vectores creados por freepik https:\/\/www.freepik.es\/jcomp &#8211; Vectores &hellip;","og_url":"https:\/\/www.aemtia.com\/es\/creditos\/","og_site_name":"Aemtia Assessors","article_modified_time":"2022-07-18T08:57:44+00:00","twitter_card":"summary_large_image","twitter_misc":{"Tiempo de lectura":"1 minuto"},"schema":{"@context":"https:\/\/schema.org","@graph":[{"@type":"WebPage","@id":"https:\/\/www.aemtia.com\/es\/creditos\/","url":"https:\/\/www.aemtia.com\/es\/creditos\/","name":"Cr\u00e9ditos - Aemtia Assessors","isPartOf":{"@id":"https:\/\/www.aemtia.com\/#website"},"datePublished":"2022-05-10T11:55:32+00:00","dateModified":"2022-07-18T08:57:44+00:00","breadcrumb":{"@id":"https:\/\/www.aemtia.com\/es\/creditos\/#breadcrumb"},"inLanguage":"es","potentialAction":[{"@type":"ReadAction","target":["https:\/\/www.aemtia.com\/es\/creditos\/"]}]},{"@type":"BreadcrumbList","@id":"https:\/\/www.aemtia.com\/es\/creditos\/#breadcrumb","itemListElement":[{"@type":"ListItem","position":1,"name":"Inici","item":"https:\/\/www.aemtia.com\/es\/"},{"@type":"ListItem","position":2,"name":"Cr\u00e9ditos"}]},{"@type":"WebSite","@id":"https:\/\/www.aemtia.com\/#website","url":"https:\/\/www.aemtia.com\/","name":"Aemtia Assessors","description":"Asesores en el \u00e1mbito empresarial, profesional y personal","publisher":{"@id":"https:\/\/www.aemtia.com\/#organization"},"potentialAction":[{"@type":"SearchAction","target":{"@type":"EntryPoint","urlTemplate":"https:\/\/www.aemtia.com\/?s={search_term_string}"},"query-input":{"@type":"PropertyValueSpecification","valueRequired":true,"valueName":"search_term_string"}}],"inLanguage":"es"},{"@type":"Organization","@id":"https:\/\/www.aemtia.com\/#organization","name":"Aemtia Assessors S.L.","url":"https:\/\/www.aemtia.com\/","logo":{"@type":"ImageObject","inLanguage":"es","@id":"https:\/\/www.aemtia.com\/#\/schema\/logo\/image\/","url":"https:\/\/www.aemtia.com\/wp-content\/uploads\/2022\/04\/Paquet-logotips-AEMTIA_logo-web.png","contentUrl":"https:\/\/www.aemtia.com\/wp-content\/uploads\/2022\/04\/Paquet-logotips-AEMTIA_logo-web.png","width":2000,"height":1000,"caption":"Aemtia Assessors S.L."},"image":{"@id":"https:\/\/www.aemtia.com\/#\/schema\/logo\/image\/"}}]}},"acf":[],"_links":{"self":[{"href":"https:\/\/www.aemtia.com\/es\/wp-json\/wp\/v2\/pages\/2400","targetHints":{"allow":["GET"]}}],"collection":[{"href":"https:\/\/www.aemtia.com\/es\/wp-json\/wp\/v2\/pages"}],"about":[{"href":"https:\/\/www.aemtia.com\/es\/wp-json\/wp\/v2\/types\/page"}],"author":[{"embeddable":true,"href":"https:\/\/www.aemtia.com\/es\/wp-json\/wp\/v2\/users\/4"}],"replies":[{"embeddable":true,"href":"https:\/\/www.aemtia.com\/es\/wp-json\/wp\/v2\/comments?post=2400"}],"version-history":[{"count":2,"href":"https:\/\/www.aemtia.com\/es\/wp-json\/wp\/v2\/pages\/2400\/revisions"}],"predecessor-version":[{"id":2403,"href":"https:\/\/www.aemtia.com\/es\/wp-json\/wp\/v2\/pages\/2400\/revisions\/2403"}],"wp:attachment":[{"href":"https:\/\/www.aemtia.com\/es\/wp-json\/wp\/v2\/media?parent=2400"}],"curies":[{"name":"wp","href":"https:\/\/api.w.org\/{rel}","templated":true}]}}